{"id":3314,"date":"2025-04-10T15:44:23","date_gmt":"2025-04-10T15:44:23","guid":{"rendered":"https:\/\/soko-livekrimi.de\/?page_id=3314"},"modified":"2025-05-06T13:46:03","modified_gmt":"2025-05-06T13:46:03","slug":"ueber-uns","status":"publish","type":"page","link":"https:\/\/soko-livekrimi.de\/index.php\/ueber-uns\/","title":{"rendered":"\u00dcber Uns"},"content":{"rendered":"\t\t<div data-elementor-type=\"wp-page\" data-elementor-id=\"3314\" class=\"elementor elementor-3314\" data-elementor-post-type=\"page\">\n\t\t\t\t\t\t<section class=\"elementor-section elementor-top-section elementor-element elementor-element-0b4b4fc elementor-section-boxed elementor-section-height-default elementor-section-height-default\" data-id=\"0b4b4fc\" data-element_type=\"section\" data-e-type=\"section\">\n\t\t\t\t\t\t<div class=\"elementor-container elementor-column-gap-default\">\n\t\t\t\t\t<div class=\"elementor-column elementor-col-100 elementor-top-column elementor-element elementor-element-318cc5f\" data-id=\"318cc5f\" data-element_type=\"column\" data-e-type=\"column\">\n\t\t\t<div class=\"elementor-widget-wrap elementor-element-populated\">\n\t\t\t\t\t\t<div class=\"elementor-element elementor-element-f4aa801 elementor-widget elementor-widget-image\" data-id=\"f4aa801\" data-element_type=\"widget\" data-e-type=\"widget\" data-widget_type=\"image.default\">\n\t\t\t\t<div class=\"elementor-widget-container\">\n\t\t\t\t\t\t\t\t\t\t\t\t\t\t\t<img decoding=\"async\" width=\"258\" height=\"128\" src=\"https:\/\/soko-livekrimi.de\/wp-content\/uploads\/2025\/05\/team.png\" class=\"attachment-large size-large wp-image-3404\" alt=\"\" \/>\t\t\t\t\t\t\t\t\t\t\t\t\t\t\t<\/div>\n\t\t\t\t<\/div>\n\t\t\t\t\t<\/div>\n\t\t<\/div>\n\t\t\t\t\t<\/div>\n\t\t<\/section>\n\t\t\t\t<section class=\"elementor-section elementor-top-section elementor-element elementor-element-10a07ba elementor-section-boxed elementor-section-height-default elementor-section-height-default\" data-id=\"10a07ba\" data-element_type=\"section\" data-e-type=\"section\">\n\t\t\t\t\t\t<div class=\"elementor-container elementor-column-gap-default\">\n\t\t\t\t\t<div class=\"elementor-column elementor-col-100 elementor-top-column elementor-element elementor-element-9f46ba0\" data-id=\"9f46ba0\" data-element_type=\"column\" data-e-type=\"column\">\n\t\t\t<div class=\"elementor-widget-wrap elementor-element-populated\">\n\t\t\t\t\t\t<div class=\"elementor-element elementor-element-68efb94 elementor-widget elementor-widget-text-editor\" data-id=\"68efb94\" data-element_type=\"widget\" data-e-type=\"widget\" data-widget_type=\"text-editor.default\">\n\t\t\t\t<div class=\"elementor-widget-container\">\n\t\t\t\t\t\t\t\t\t<p>Die Soko Livekrimis sind ein Produkt der Dunkelbunt Productions, einem kleinen Unternehmen mit Sitz in Kamen, am Rande des Ruhrgebietes und direkt zwischen A1 und A2 gelegen.\u00a0<br \/>Wir legen besonders gro\u00dfen Wert auf liebevolle und detaillierte Gestaltung unserer Beweismittel, um eine immersive und realistische Spielatmosph\u00e4re zu kreieren.\u00a0<br \/>Wir entwickeln nicht nur die F\u00e4lle, sondern f\u00fchren bei jedem Livekrimi durch den Abend, um ein bestm\u00f6gliches Spielerlebnis zu garantieren.\u00a0<\/p>\t\t\t\t\t\t\t\t<\/div>\n\t\t\t\t<\/div>\n\t\t\t\t\t<\/div>\n\t\t<\/div>\n\t\t\t\t\t<\/div>\n\t\t<\/section>\n\t\t\t\t<section class=\"elementor-section elementor-top-section elementor-element elementor-element-22aa37e elementor-section-boxed elementor-section-height-default elementor-section-height-default\" data-id=\"22aa37e\" data-element_type=\"section\" data-e-type=\"section\">\n\t\t\t\t\t\t<div class=\"elementor-container elementor-column-gap-default\">\n\t\t\t\t\t<div class=\"elementor-column elementor-col-33 elementor-top-column elementor-element elementor-element-8cbbaad\" data-id=\"8cbbaad\" data-element_type=\"column\" data-e-type=\"column\">\n\t\t\t<div class=\"elementor-widget-wrap elementor-element-populated\">\n\t\t\t\t\t\t<div class=\"elementor-element elementor-element-7a53391 elementor-widget elementor-widget-image\" data-id=\"7a53391\" data-element_type=\"widget\" data-e-type=\"widget\" data-widget_type=\"image.default\">\n\t\t\t\t<div class=\"elementor-widget-container\">\n\t\t\t\t\t\t\t\t\t\t\t\t\t\t\t<img decoding=\"async\" width=\"150\" height=\"150\" src=\"https:\/\/soko-livekrimi.de\/wp-content\/uploads\/2023\/10\/Lupe-150x150.jpg\" class=\"attachment-thumbnail size-thumbnail wp-image-2936\" alt=\"\" srcset=\"https:\/\/soko-livekrimi.de\/wp-content\/uploads\/2023\/10\/Lupe-150x150.jpg 150w, https:\/\/soko-livekrimi.de\/wp-content\/uploads\/2023\/10\/Lupe-300x300.jpg 300w, https:\/\/soko-livekrimi.de\/wp-content\/uploads\/2023\/10\/Lupe-75x75.jpg 75w\" sizes=\"(max-width: 150px) 100vw, 150px\" \/>\t\t\t\t\t\t\t\t\t\t\t\t\t\t\t<\/div>\n\t\t\t\t<\/div>\n\t\t\t\t\t<\/div>\n\t\t<\/div>\n\t\t\t\t<div class=\"elementor-column elementor-col-66 elementor-top-column elementor-element elementor-element-b074cd2\" data-id=\"b074cd2\" data-element_type=\"column\" data-e-type=\"column\">\n\t\t\t<div class=\"elementor-widget-wrap elementor-element-populated\">\n\t\t\t\t\t\t<div class=\"elementor-element elementor-element-ea3fd25 elementor-widget elementor-widget-image\" data-id=\"ea3fd25\" data-element_type=\"widget\" data-e-type=\"widget\" data-widget_type=\"image.default\">\n\t\t\t\t<div class=\"elementor-widget-container\">\n\t\t\t\t\t\t\t\t\t\t\t\t\t\t\t<img decoding=\"async\" width=\"329\" height=\"108\" src=\"https:\/\/soko-livekrimi.de\/wp-content\/uploads\/2025\/04\/steffi.png\" class=\"attachment-large size-large wp-image-3398\" alt=\"\" srcset=\"https:\/\/soko-livekrimi.de\/wp-content\/uploads\/2025\/04\/steffi.png 329w, https:\/\/soko-livekrimi.de\/wp-content\/uploads\/2025\/04\/steffi-300x98.png 300w\" sizes=\"(max-width: 329px) 100vw, 329px\" \/>\t\t\t\t\t\t\t\t\t\t\t\t\t\t\t<\/div>\n\t\t\t\t<\/div>\n\t\t\t\t<div class=\"elementor-element elementor-element-b2025ce elementor-widget elementor-widget-text-editor\" data-id=\"b2025ce\" data-element_type=\"widget\" data-e-type=\"widget\" data-widget_type=\"text-editor.default\">\n\t\t\t\t<div class=\"elementor-widget-container\">\n\t\t\t\t\t\t\t\t\t<p>Steffi ist der kreative Kopf hinter den Livekrimis und Inhaberin der Dunkelbunt Productions.\u00a0<br \/>Von der Idee, Konzeption, Entwicklung der Geschichten, bis hin zur Gestaltung der Beweismittel und Durchf\u00fchrung der Sokos &#8211; ohne sie geht hier gar nichts.\u00a0<\/p>\t\t\t\t\t\t\t\t<\/div>\n\t\t\t\t<\/div>\n\t\t\t\t\t<\/div>\n\t\t<\/div>\n\t\t\t\t\t<\/div>\n\t\t<\/section>\n\t\t\t\t<section class=\"elementor-section elementor-top-section elementor-element elementor-element-f7be161 elementor-section-boxed elementor-section-height-default elementor-section-height-default\" data-id=\"f7be161\" data-element_type=\"section\" data-e-type=\"section\">\n\t\t\t\t\t\t<div class=\"elementor-container elementor-column-gap-default\">\n\t\t\t\t\t<div class=\"elementor-column elementor-col-66 elementor-top-column elementor-element elementor-element-df7d9fe\" data-id=\"df7d9fe\" data-element_type=\"column\" data-e-type=\"column\">\n\t\t\t<div class=\"elementor-widget-wrap elementor-element-populated\">\n\t\t\t\t\t\t<div class=\"elementor-element elementor-element-6a9f06f elementor-widget elementor-widget-image\" data-id=\"6a9f06f\" data-element_type=\"widget\" data-e-type=\"widget\" data-widget_type=\"image.default\">\n\t\t\t\t<div class=\"elementor-widget-container\">\n\t\t\t\t\t\t\t\t\t\t\t\t\t\t\t<img loading=\"lazy\" decoding=\"async\" width=\"209\" height=\"108\" src=\"https:\/\/soko-livekrimi.de\/wp-content\/uploads\/2025\/04\/stephan.png\" class=\"attachment-large size-large wp-image-3399\" alt=\"\" \/>\t\t\t\t\t\t\t\t\t\t\t\t\t\t\t<\/div>\n\t\t\t\t<\/div>\n\t\t\t\t<div class=\"elementor-element elementor-element-e4a7240 elementor-widget elementor-widget-text-editor\" data-id=\"e4a7240\" data-element_type=\"widget\" data-e-type=\"widget\" data-widget_type=\"text-editor.default\">\n\t\t\t\t<div class=\"elementor-widget-container\">\n\t\t\t\t\t\t\t\t\t<p>Unser Mensch f\u00fcr die Technik.<br \/>Damit ihr auch unsere Zeugenaussagen akustisch einwandfrei verstehen k\u00f6nnt &#8211; was zur L\u00f6sung des Falls unerl\u00e4sslich ist &#8211; sorgt Stephan f\u00fcr einen reibungslosen technischen Ablauf.\u00a0<br \/>Dar\u00fcber hinaus sorgt er mit seiner Spiel Expertise f\u00fcr ein optimales immersives Spielerlebnis bei der Testphase unserer neuen F\u00e4lle.\u00a0<\/p>\t\t\t\t\t\t\t\t<\/div>\n\t\t\t\t<\/div>\n\t\t\t\t\t<\/div>\n\t\t<\/div>\n\t\t\t\t<div class=\"elementor-column elementor-col-33 elementor-top-column elementor-element elementor-element-24095f0\" data-id=\"24095f0\" data-element_type=\"column\" data-e-type=\"column\">\n\t\t\t<div class=\"elementor-widget-wrap elementor-element-populated\">\n\t\t\t\t\t\t<div class=\"elementor-element elementor-element-79329c4 elementor-widget elementor-widget-image\" data-id=\"79329c4\" data-element_type=\"widget\" data-e-type=\"widget\" data-widget_type=\"image.default\">\n\t\t\t\t<div class=\"elementor-widget-container\">\n\t\t\t\t\t\t\t\t\t\t\t\t\t\t\t<img loading=\"lazy\" decoding=\"async\" width=\"200\" height=\"300\" src=\"https:\/\/soko-livekrimi.de\/wp-content\/uploads\/2025\/05\/DSC_5768-3-200x300.jpg\" class=\"attachment-medium size-medium wp-image-3405\" alt=\"\" srcset=\"https:\/\/soko-livekrimi.de\/wp-content\/uploads\/2025\/05\/DSC_5768-3-200x300.jpg 200w, https:\/\/soko-livekrimi.de\/wp-content\/uploads\/2025\/05\/DSC_5768-3-683x1024.jpg 683w, https:\/\/soko-livekrimi.de\/wp-content\/uploads\/2025\/05\/DSC_5768-3-768x1152.jpg 768w, https:\/\/soko-livekrimi.de\/wp-content\/uploads\/2025\/05\/DSC_5768-3-1024x1536.jpg 1024w\" sizes=\"(max-width: 200px) 100vw, 200px\" \/>\t\t\t\t\t\t\t\t\t\t\t\t\t\t\t<\/div>\n\t\t\t\t<\/div>\n\t\t\t\t\t<\/div>\n\t\t<\/div>\n\t\t\t\t\t<\/div>\n\t\t<\/section>\n\t\t\t\t<section class=\"elementor-section elementor-top-section elementor-element elementor-element-171deb4 elementor-section-boxed elementor-section-height-default elementor-section-height-default\" data-id=\"171deb4\" data-element_type=\"section\" data-e-type=\"section\">\n\t\t\t\t\t\t<div class=\"elementor-container elementor-column-gap-default\">\n\t\t\t\t\t<div class=\"elementor-column elementor-col-33 elementor-top-column elementor-element elementor-element-4c37302\" data-id=\"4c37302\" data-element_type=\"column\" data-e-type=\"column\">\n\t\t\t<div class=\"elementor-widget-wrap elementor-element-populated\">\n\t\t\t\t\t\t<div class=\"elementor-element elementor-element-03eb934 elementor-widget elementor-widget-image\" data-id=\"03eb934\" data-element_type=\"widget\" data-e-type=\"widget\" data-widget_type=\"image.default\">\n\t\t\t\t<div class=\"elementor-widget-container\">\n\t\t\t\t\t\t\t\t\t\t\t\t\t\t\t<img loading=\"lazy\" decoding=\"async\" width=\"300\" height=\"200\" src=\"https:\/\/soko-livekrimi.de\/wp-content\/uploads\/2025\/05\/Design-ohne-Titel-300x200.png\" class=\"attachment-medium size-medium wp-image-3427\" alt=\"\" srcset=\"https:\/\/soko-livekrimi.de\/wp-content\/uploads\/2025\/05\/Design-ohne-Titel-300x200.png 300w, https:\/\/soko-livekrimi.de\/wp-content\/uploads\/2025\/05\/Design-ohne-Titel-1024x681.png 1024w, https:\/\/soko-livekrimi.de\/wp-content\/uploads\/2025\/05\/Design-ohne-Titel-768x511.png 768w, https:\/\/soko-livekrimi.de\/wp-content\/uploads\/2025\/05\/Design-ohne-Titel-1536x1022.png 1536w, https:\/\/soko-livekrimi.de\/wp-content\/uploads\/2025\/05\/Design-ohne-Titel-1140x758.png 1140w, https:\/\/soko-livekrimi.de\/wp-content\/uploads\/2025\/05\/Design-ohne-Titel.png 1920w\" sizes=\"(max-width: 300px) 100vw, 300px\" \/>\t\t\t\t\t\t\t\t\t\t\t\t\t\t\t<\/div>\n\t\t\t\t<\/div>\n\t\t\t\t\t<\/div>\n\t\t<\/div>\n\t\t\t\t<div class=\"elementor-column elementor-col-66 elementor-top-column elementor-element elementor-element-b918fd7\" data-id=\"b918fd7\" data-element_type=\"column\" data-e-type=\"column\">\n\t\t\t<div class=\"elementor-widget-wrap elementor-element-populated\">\n\t\t\t\t\t\t<div class=\"elementor-element elementor-element-97d1a7f elementor-widget elementor-widget-image\" data-id=\"97d1a7f\" data-element_type=\"widget\" data-e-type=\"widget\" data-widget_type=\"image.default\">\n\t\t\t\t<div class=\"elementor-widget-container\">\n\t\t\t\t\t\t\t\t\t\t\t\t\t\t\t<img loading=\"lazy\" decoding=\"async\" width=\"321\" height=\"108\" src=\"https:\/\/soko-livekrimi.de\/wp-content\/uploads\/2025\/04\/schnurrbert.png\" class=\"attachment-large size-large wp-image-3400\" alt=\"\" srcset=\"https:\/\/soko-livekrimi.de\/wp-content\/uploads\/2025\/04\/schnurrbert.png 321w, https:\/\/soko-livekrimi.de\/wp-content\/uploads\/2025\/04\/schnurrbert-300x101.png 300w\" sizes=\"(max-width: 321px) 100vw, 321px\" \/>\t\t\t\t\t\t\t\t\t\t\t\t\t\t\t<\/div>\n\t\t\t\t<\/div>\n\t\t\t\t<div class=\"elementor-element elementor-element-641e9eb elementor-widget elementor-widget-text-editor\" data-id=\"641e9eb\" data-element_type=\"widget\" data-e-type=\"widget\" data-widget_type=\"text-editor.default\">\n\t\t\t\t<div class=\"elementor-widget-container\">\n\t\t\t\t\t\t\t\t\t<p>Schnurrbert ist der heimliche Ober-Boss hinter den Livekrimis.\u00a0Zumindest denkt er das.\u00a0\u00a0<br \/>Seine Expertise reicht vom kritischen Begutachten der Druckerzeugnisse, \u00fcber das Verteilen von lautstarker Kritik zur Personal-Motivation, sowie Qualit\u00e4tskontrolle gelieferter Kartonagen bis hin zur \u00dcberwachung bei der Zusammenstellung unserer Beweismittelboxen.\u00a0<br \/>Seinen Lohn fordert er sehr regelm\u00e4\u00dfig in Form von Schmeckis ein. Das er hier erst an 3. Position genannt wird, missf\u00e4llt ihm sehr.\u00a0<\/p>\t\t\t\t\t\t\t\t<\/div>\n\t\t\t\t<\/div>\n\t\t\t\t\t<\/div>\n\t\t<\/div>\n\t\t\t\t\t<\/div>\n\t\t<\/section>\n\t\t\t\t<section class=\"elementor-section elementor-top-section elementor-element elementor-element-b5a14a6 elementor-section-boxed elementor-section-height-default elementor-section-height-default\" data-id=\"b5a14a6\" data-element_type=\"section\" data-e-type=\"section\">\n\t\t\t\t\t\t<div class=\"elementor-container elementor-column-gap-default\">\n\t\t\t\t\t<div class=\"elementor-column elementor-col-100 elementor-top-column elementor-element elementor-element-3344383\" data-id=\"3344383\" data-element_type=\"column\" data-e-type=\"column\">\n\t\t\t<div class=\"elementor-widget-wrap elementor-element-populated\">\n\t\t\t\t\t\t<div class=\"elementor-element elementor-element-0d89f36 elementor-widget elementor-widget-image\" data-id=\"0d89f36\" data-element_type=\"widget\" data-e-type=\"widget\" data-widget_type=\"image.default\">\n\t\t\t\t<div class=\"elementor-widget-container\">\n\t\t\t\t\t\t\t\t\t\t\t\t\t\t\t<img loading=\"lazy\" decoding=\"async\" width=\"580\" height=\"108\" src=\"https:\/\/soko-livekrimi.de\/wp-content\/uploads\/2025\/04\/kunden.png\" class=\"attachment-large size-large wp-image-3397\" alt=\"\" srcset=\"https:\/\/soko-livekrimi.de\/wp-content\/uploads\/2025\/04\/kunden.png 580w, https:\/\/soko-livekrimi.de\/wp-content\/uploads\/2025\/04\/kunden-300x56.png 300w\" sizes=\"(max-width: 580px) 100vw, 580px\" \/>\t\t\t\t\t\t\t\t\t\t\t\t\t\t\t<\/div>\n\t\t\t\t<\/div>\n\t\t\t\t\t<\/div>\n\t\t<\/div>\n\t\t\t\t\t<\/div>\n\t\t<\/section>\n\t\t\t\t<section class=\"elementor-section elementor-top-section elementor-element elementor-element-67f2997 elementor-section-boxed elementor-section-height-default elementor-section-height-default\" data-id=\"67f2997\" data-element_type=\"section\" data-e-type=\"section\">\n\t\t\t\t\t\t<div class=\"elementor-container elementor-column-gap-default\">\n\t\t\t\t\t<div class=\"elementor-column elementor-col-33 elementor-top-column elementor-element elementor-element-ae5ae87\" data-id=\"ae5ae87\" data-element_type=\"column\" data-e-type=\"column\">\n\t\t\t<div class=\"elementor-widget-wrap elementor-element-populated\">\n\t\t\t\t\t\t<div class=\"elementor-element elementor-element-fbc647e elementor-widget elementor-widget-image\" data-id=\"fbc647e\" data-element_type=\"widget\" data-e-type=\"widget\" data-widget_type=\"image.default\">\n\t\t\t\t<div class=\"elementor-widget-container\">\n\t\t\t\t\t\t\t\t\t\t\t\t\t\t\t<img loading=\"lazy\" decoding=\"async\" width=\"150\" height=\"113\" src=\"https:\/\/soko-livekrimi.de\/wp-content\/uploads\/2025\/04\/Logo-e1591195669467.png\" class=\"attachment-large size-large wp-image-3316\" alt=\"\" \/>\t\t\t\t\t\t\t\t\t\t\t\t\t\t\t<\/div>\n\t\t\t\t<\/div>\n\t\t\t\t\t<\/div>\n\t\t<\/div>\n\t\t\t\t<div class=\"elementor-column elementor-col-33 elementor-top-column elementor-element elementor-element-cc58204\" data-id=\"cc58204\" data-element_type=\"column\" data-e-type=\"column\">\n\t\t\t<div class=\"elementor-widget-wrap elementor-element-populated\">\n\t\t\t\t\t\t<div class=\"elementor-element elementor-element-0423c41 elementor-widget elementor-widget-image\" data-id=\"0423c41\" data-element_type=\"widget\" data-e-type=\"widget\" data-widget_type=\"image.default\">\n\t\t\t\t<div class=\"elementor-widget-container\">\n\t\t\t\t\t\t\t\t\t\t\t\t\t\t\t<img loading=\"lazy\" decoding=\"async\" width=\"960\" height=\"305\" src=\"https:\/\/soko-livekrimi.de\/wp-content\/uploads\/2025\/04\/FABIDO_LOGO_JPG_RGB-1024x325.jpg\" class=\"attachment-large size-large wp-image-3317\" alt=\"\" srcset=\"https:\/\/soko-livekrimi.de\/wp-content\/uploads\/2025\/04\/FABIDO_LOGO_JPG_RGB-1024x325.jpg 1024w, https:\/\/soko-livekrimi.de\/wp-content\/uploads\/2025\/04\/FABIDO_LOGO_JPG_RGB-300x95.jpg 300w, https:\/\/soko-livekrimi.de\/wp-content\/uploads\/2025\/04\/FABIDO_LOGO_JPG_RGB-768x244.jpg 768w, https:\/\/soko-livekrimi.de\/wp-content\/uploads\/2025\/04\/FABIDO_LOGO_JPG_RGB-1140x362.jpg 1140w, https:\/\/soko-livekrimi.de\/wp-content\/uploads\/2025\/04\/FABIDO_LOGO_JPG_RGB.jpg 1417w\" sizes=\"(max-width: 960px) 100vw, 960px\" \/>\t\t\t\t\t\t\t\t\t\t\t\t\t\t\t<\/div>\n\t\t\t\t<\/div>\n\t\t\t\t\t<\/div>\n\t\t<\/div>\n\t\t\t\t<div class=\"elementor-column elementor-col-33 elementor-top-column elementor-element elementor-element-1afa717\" data-id=\"1afa717\" data-element_type=\"column\" data-e-type=\"column\">\n\t\t\t<div class=\"elementor-widget-wrap elementor-element-populated\">\n\t\t\t\t\t\t<div class=\"elementor-element elementor-element-0529596 elementor-widget elementor-widget-image\" data-id=\"0529596\" data-element_type=\"widget\" data-e-type=\"widget\" data-widget_type=\"image.default\">\n\t\t\t\t<div class=\"elementor-widget-container\">\n\t\t\t\t\t\t\t\t\t\t\t\t\t\t\t<img loading=\"lazy\" decoding=\"async\" width=\"225\" height=\"225\" src=\"https:\/\/soko-livekrimi.de\/wp-content\/uploads\/2025\/04\/images.png\" class=\"attachment-medium size-medium wp-image-3319\" alt=\"\" srcset=\"https:\/\/soko-livekrimi.de\/wp-content\/uploads\/2025\/04\/images.png 225w, https:\/\/soko-livekrimi.de\/wp-content\/uploads\/2025\/04\/images-150x150.png 150w, https:\/\/soko-livekrimi.de\/wp-content\/uploads\/2025\/04\/images-75x75.png 75w\" sizes=\"(max-width: 225px) 100vw, 225px\" \/>\t\t\t\t\t\t\t\t\t\t\t\t\t\t\t<\/div>\n\t\t\t\t<\/div>\n\t\t\t\t\t<\/div>\n\t\t<\/div>\n\t\t\t\t\t<\/div>\n\t\t<\/section>\n\t\t\t\t<section class=\"elementor-section elementor-top-section elementor-element elementor-element-13a37d6 elementor-section-boxed elementor-section-height-default elementor-section-height-default\" data-id=\"13a37d6\" data-element_type=\"section\" data-e-type=\"section\">\n\t\t\t\t\t\t<div class=\"elementor-container elementor-column-gap-default\">\n\t\t\t\t\t<div class=\"elementor-column elementor-col-33 elementor-top-column elementor-element elementor-element-27c6e04\" data-id=\"27c6e04\" data-element_type=\"column\" data-e-type=\"column\">\n\t\t\t<div class=\"elementor-widget-wrap elementor-element-populated\">\n\t\t\t\t\t\t<div class=\"elementor-element elementor-element-f01a4a6 elementor-widget elementor-widget-image\" data-id=\"f01a4a6\" data-element_type=\"widget\" data-e-type=\"widget\" data-widget_type=\"image.default\">\n\t\t\t\t<div class=\"elementor-widget-container\">\n\t\t\t\t\t\t\t\t\t\t\t\t\t\t\t<img loading=\"lazy\" decoding=\"async\" width=\"709\" height=\"204\" src=\"https:\/\/soko-livekrimi.de\/wp-content\/uploads\/2025\/04\/logo_stadt-ansbach.png\" class=\"attachment-large size-large wp-image-3320\" alt=\"\" srcset=\"https:\/\/soko-livekrimi.de\/wp-content\/uploads\/2025\/04\/logo_stadt-ansbach.png 709w, https:\/\/soko-livekrimi.de\/wp-content\/uploads\/2025\/04\/logo_stadt-ansbach-300x86.png 300w\" sizes=\"(max-width: 709px) 100vw, 709px\" \/>\t\t\t\t\t\t\t\t\t\t\t\t\t\t\t<\/div>\n\t\t\t\t<\/div>\n\t\t\t\t\t<\/div>\n\t\t<\/div>\n\t\t\t\t<div class=\"elementor-column elementor-col-33 elementor-top-column elementor-element elementor-element-b674e9b\" data-id=\"b674e9b\" data-element_type=\"column\" data-e-type=\"column\">\n\t\t\t<div class=\"elementor-widget-wrap\">\n\t\t\t\t\t\t\t<\/div>\n\t\t<\/div>\n\t\t\t\t<div class=\"elementor-column elementor-col-33 elementor-top-column elementor-element elementor-element-5332609\" data-id=\"5332609\" data-element_type=\"column\" data-e-type=\"column\">\n\t\t\t<div class=\"elementor-widget-wrap\">\n\t\t\t\t\t\t\t<\/div>\n\t\t<\/div>\n\t\t\t\t\t<\/div>\n\t\t<\/section>\n\t\t\t\t<\/div>\n\t\t","protected":false},"excerpt":{"rendered":"<p>Die Soko Livekrimis sind ein Produkt der Dunkelbunt Productions, einem kleinen Unternehmen mit Sitz in Kamen, am Rande des Ruhrgebietes und direkt zwischen A1 und A2 gelegen.\u00a0Wir legen besonders gro\u00dfen Wert auf liebevolle und detaillierte Gestaltung unserer Beweismittel, um eine immersive und realistische Spielatmosph\u00e4re zu kreieren.\u00a0Wir entwickeln nicht nur die F\u00e4lle, sondern f\u00fchren bei jedem Livekrimi durch den Abend, um ein bestm\u00f6gliches Spielerlebnis zu garantieren.\u00a0 Steffi ist der kreative Kopf hinter den Livekrimis und Inhaberin der Dunkelbunt Productions.\u00a0Von der Idee, Konzeption, Entwicklung der Geschichten, bis hin zur Gestaltung der Beweismittel und Durchf\u00fchrung der Sokos &#8211; ohne sie geht hier gar nichts.\u00a0 Unser Mensch f\u00fcr die Technik.Damit ihr auch unsere Zeugenaussagen akustisch einwandfrei verstehen k\u00f6nnt &#8211; was zur L\u00f6sung des Falls unerl\u00e4sslich ist &#8211; sorgt Stephan f\u00fcr einen reibungslosen technischen Ablauf.\u00a0Dar\u00fcber hinaus sorgt er mit seiner Spiel Expertise f\u00fcr ein optimales immersives Spielerlebnis bei der Testphase unserer neuen F\u00e4lle.\u00a0 Schnurrbert ist der heimliche Ober-Boss hinter den Livekrimis.\u00a0Zumindest denkt er das.\u00a0\u00a0Seine Expertise reicht vom kritischen Begutachten der Druckerzeugnisse, \u00fcber das Verteilen von lautstarker Kritik zur Personal-Motivation, sowie Qualit\u00e4tskontrolle gelieferter Kartonagen bis hin zur \u00dcberwachung bei der Zusammenstellung unserer Beweismittelboxen.\u00a0Seinen Lohn fordert er sehr regelm\u00e4\u00dfig in Form von Schmeckis ein. Das er hier erst an 3. Position genannt wird, missf\u00e4llt ihm sehr.\u00a0<\/p>\n","protected":false},"author":1,"featured_media":0,"parent":0,"menu_order":0,"comment_status":"closed","ping_status":"closed","template":"","meta":{"footnotes":""},"class_list":["post-3314","page","type-page","status-publish","hentry"],"_links":{"self":[{"href":"https:\/\/soko-livekrimi.de\/index.php\/wp-json\/wp\/v2\/pages\/3314","targetHints":{"allow":["GET"]}}],"collection":[{"href":"https:\/\/soko-livekrimi.de\/index.php\/wp-json\/wp\/v2\/pages"}],"about":[{"href":"https:\/\/soko-livekrimi.de\/index.php\/wp-json\/wp\/v2\/types\/page"}],"author":[{"embeddable":true,"href":"https:\/\/soko-livekrimi.de\/index.php\/wp-json\/wp\/v2\/users\/1"}],"replies":[{"embeddable":true,"href":"https:\/\/soko-livekrimi.de\/index.php\/wp-json\/wp\/v2\/comments?post=3314"}],"version-history":[{"count":19,"href":"https:\/\/soko-livekrimi.de\/index.php\/wp-json\/wp\/v2\/pages\/3314\/revisions"}],"predecessor-version":[{"id":3431,"href":"https:\/\/soko-livekrimi.de\/index.php\/wp-json\/wp\/v2\/pages\/3314\/revisions\/3431"}],"wp:attachment":[{"href":"https:\/\/soko-livekrimi.de\/index.php\/wp-json\/wp\/v2\/media?parent=3314"}],"curies":[{"name":"wp","href":"https:\/\/api.w.org\/{rel}","templated":true}]}}