{"id":3042,"date":"2023-12-06T16:57:02","date_gmt":"2023-12-06T16:57:02","guid":{"rendered":"https:\/\/soko-livekrimi.de\/?page_id=3042"},"modified":"2025-05-06T15:24:43","modified_gmt":"2025-05-06T15:24:43","slug":"teambuilding","status":"publish","type":"page","link":"https:\/\/soko-livekrimi.de\/index.php\/teambuilding\/","title":{"rendered":"Teambuilding"},"content":{"rendered":"\t\t<div data-elementor-type=\"wp-page\" data-elementor-id=\"3042\" class=\"elementor elementor-3042\" data-elementor-post-type=\"page\">\n\t\t\t\t\t\t<section class=\"elementor-section elementor-top-section elementor-element elementor-element-271d832 elementor-section-boxed elementor-section-height-default elementor-section-height-default\" data-id=\"271d832\" data-element_type=\"section\" data-e-type=\"section\">\n\t\t\t\t\t\t<div class=\"elementor-container elementor-column-gap-default\">\n\t\t\t\t\t<div class=\"elementor-column elementor-col-33 elementor-top-column elementor-element elementor-element-7eccc99\" data-id=\"7eccc99\" data-element_type=\"column\" data-e-type=\"column\">\n\t\t\t<div class=\"elementor-widget-wrap elementor-element-populated\">\n\t\t\t\t\t\t<div class=\"elementor-element elementor-element-330ce29 elementor-widget elementor-widget-image\" data-id=\"330ce29\" data-element_type=\"widget\" data-e-type=\"widget\" data-widget_type=\"image.default\">\n\t\t\t\t<div class=\"elementor-widget-container\">\n\t\t\t\t\t\t\t\t\t\t\t\t\t\t\t<img fetchpriority=\"high\" decoding=\"async\" width=\"203\" height=\"300\" src=\"https:\/\/soko-livekrimi.de\/wp-content\/uploads\/2023\/08\/Beweiszeichen_01-203x300.png\" class=\"attachment-medium size-medium wp-image-2616\" alt=\"\" srcset=\"https:\/\/soko-livekrimi.de\/wp-content\/uploads\/2023\/08\/Beweiszeichen_01-203x300.png 203w, https:\/\/soko-livekrimi.de\/wp-content\/uploads\/2023\/08\/Beweiszeichen_01-693x1024.png 693w, https:\/\/soko-livekrimi.de\/wp-content\/uploads\/2023\/08\/Beweiszeichen_01-768x1136.png 768w, https:\/\/soko-livekrimi.de\/wp-content\/uploads\/2023\/08\/Beweiszeichen_01.png 796w\" sizes=\"(max-width: 203px) 100vw, 203px\" \/>\t\t\t\t\t\t\t\t\t\t\t\t\t\t\t<\/div>\n\t\t\t\t<\/div>\n\t\t\t\t\t<\/div>\n\t\t<\/div>\n\t\t\t\t<div class=\"elementor-column elementor-col-66 elementor-top-column elementor-element elementor-element-e6e9d6c\" data-id=\"e6e9d6c\" data-element_type=\"column\" data-e-type=\"column\">\n\t\t\t<div class=\"elementor-widget-wrap elementor-element-populated\">\n\t\t\t\t\t\t<div class=\"elementor-element elementor-element-4208b4c elementor-widget elementor-widget-text-editor\" data-id=\"4208b4c\" data-element_type=\"widget\" data-e-type=\"widget\" data-widget_type=\"text-editor.default\">\n\t\t\t\t<div class=\"elementor-widget-container\">\n\t\t\t\t\t\t\t\t\t<p>Unsere SOKO Livekrimis bereichern Ihr Teamevent!<\/p><p>Ihr Team erlebt einen spannenden und unterhaltsamen Kriminalfall, der nur gemeinschaftlich gel\u00f6st werden kann. Dabei kombinieren wir Elemente aus Escape Rooms mit Murder Mystery Spielen und Krimidinner-F\u00e4llen.<br \/>Wir bieten Ihnen ein immersives Spielerlebnis an einem realistischen Tatort und kniffligen Verstrickungen und ein unvergessliches Ereignis f\u00fcr Ihr Team.\u00a0<\/p><p>Lernen Sie Ihre Teammitglieder einmal au\u00dferhalb der regul\u00e4ren Strukturen kennen und erfahren Sie, welche verborgenen St\u00e4rken in jedem Einzelnen schlummern.\u00a0<br \/>Nimmt jemand die Z\u00fcgel in die Hand und wird zum &#8222;Hauptkommissar&#8220; innerhalb der Gruppe?\u00a0<br \/>H\u00e4lt sich jemand eher zur\u00fcck, kann aber im entscheidenden Moment einen k\u00fchlen Kopf bewahren und erkennt die L\u00f6sung?\u00a0<br \/>H\u00f6rt jemand eher den Vorschl\u00e4gen der anderen zu und kombiniert diese still zu einem L\u00f6sungsweg, der im finalen Moment Geh\u00f6r findet?<br \/>Wem liegen eher die logischen oder kombinatorischen Ermittlungsbereiche und wer kann durch kreative Ideen das Team der L\u00f6sung des Falls bringen?<\/p><p>W\u00e4hrend Ihr Team beim L\u00f6sen des Falls gemeinschaftlich zusammenw\u00e4chst &#8211; glauben Sie uns: Kaum etwas schwei\u00dft so sehr zusammen, wie gemeinsam einen verzwickten Kriminalfall zu l\u00f6sen &#8211; k\u00f6nnen Sie wertvolle Erkenntnisse f\u00fcr Ihr Team und die pers\u00f6nlichen F\u00e4higkeiten des Einzelnen mitnehmen.\u00a0<\/p>\t\t\t\t\t\t\t\t<\/div>\n\t\t\t\t<\/div>\n\t\t\t\t\t<\/div>\n\t\t<\/div>\n\t\t\t\t\t<\/div>\n\t\t<\/section>\n\t\t\t\t<section class=\"elementor-section elementor-top-section elementor-element elementor-element-81ec645 elementor-section-boxed elementor-section-height-default elementor-section-height-default\" data-id=\"81ec645\" data-element_type=\"section\" data-e-type=\"section\">\n\t\t\t\t\t\t<div class=\"elementor-container elementor-column-gap-default\">\n\t\t\t\t\t<div class=\"elementor-column elementor-col-33 elementor-top-column elementor-element elementor-element-0003b1b\" data-id=\"0003b1b\" data-element_type=\"column\" data-e-type=\"column\">\n\t\t\t<div class=\"elementor-widget-wrap elementor-element-populated\">\n\t\t\t\t\t\t<div class=\"elementor-element elementor-element-b1aa41f elementor-widget elementor-widget-image\" data-id=\"b1aa41f\" data-element_type=\"widget\" data-e-type=\"widget\" data-widget_type=\"image.default\">\n\t\t\t\t<div class=\"elementor-widget-container\">\n\t\t\t\t\t\t\t\t\t\t\t\t\t\t\t<img decoding=\"async\" width=\"300\" height=\"225\" src=\"https:\/\/soko-livekrimi.de\/wp-content\/uploads\/2023\/08\/20230825_163442-300x225.jpg\" class=\"attachment-medium size-medium wp-image-2894\" alt=\"\" srcset=\"https:\/\/soko-livekrimi.de\/wp-content\/uploads\/2023\/08\/20230825_163442-300x225.jpg 300w, https:\/\/soko-livekrimi.de\/wp-content\/uploads\/2023\/08\/20230825_163442-1024x768.jpg 1024w, https:\/\/soko-livekrimi.de\/wp-content\/uploads\/2023\/08\/20230825_163442-768x576.jpg 768w, https:\/\/soko-livekrimi.de\/wp-content\/uploads\/2023\/08\/20230825_163442-1536x1152.jpg 1536w, https:\/\/soko-livekrimi.de\/wp-content\/uploads\/2023\/08\/20230825_163442-2048x1536.jpg 2048w, https:\/\/soko-livekrimi.de\/wp-content\/uploads\/2023\/08\/20230825_163442-1140x855.jpg 1140w\" sizes=\"(max-width: 300px) 100vw, 300px\" \/>\t\t\t\t\t\t\t\t\t\t\t\t\t\t\t<\/div>\n\t\t\t\t<\/div>\n\t\t\t\t\t<\/div>\n\t\t<\/div>\n\t\t\t\t<div class=\"elementor-column elementor-col-33 elementor-top-column elementor-element elementor-element-1b17e1c\" data-id=\"1b17e1c\" data-element_type=\"column\" data-e-type=\"column\">\n\t\t\t<div class=\"elementor-widget-wrap elementor-element-populated\">\n\t\t\t\t\t\t<div class=\"elementor-element elementor-element-14551d1 elementor-widget elementor-widget-image\" data-id=\"14551d1\" data-element_type=\"widget\" data-e-type=\"widget\" data-widget_type=\"image.default\">\n\t\t\t\t<div class=\"elementor-widget-container\">\n\t\t\t\t\t\t\t\t\t\t\t\t\t\t\t<img decoding=\"async\" width=\"300\" height=\"200\" src=\"https:\/\/soko-livekrimi.de\/wp-content\/uploads\/2023\/08\/drinks-1283608_1280-300x200.jpg\" class=\"attachment-medium size-medium wp-image-2892\" alt=\"\" srcset=\"https:\/\/soko-livekrimi.de\/wp-content\/uploads\/2023\/08\/drinks-1283608_1280-300x200.jpg 300w, https:\/\/soko-livekrimi.de\/wp-content\/uploads\/2023\/08\/drinks-1283608_1280-1024x682.jpg 1024w, https:\/\/soko-livekrimi.de\/wp-content\/uploads\/2023\/08\/drinks-1283608_1280-768x512.jpg 768w, https:\/\/soko-livekrimi.de\/wp-content\/uploads\/2023\/08\/drinks-1283608_1280-1140x760.jpg 1140w, https:\/\/soko-livekrimi.de\/wp-content\/uploads\/2023\/08\/drinks-1283608_1280.jpg 1280w\" sizes=\"(max-width: 300px) 100vw, 300px\" \/>\t\t\t\t\t\t\t\t\t\t\t\t\t\t\t<\/div>\n\t\t\t\t<\/div>\n\t\t\t\t\t<\/div>\n\t\t<\/div>\n\t\t\t\t<div class=\"elementor-column elementor-col-33 elementor-top-column elementor-element elementor-element-bf023b6\" data-id=\"bf023b6\" data-element_type=\"column\" data-e-type=\"column\">\n\t\t\t<div class=\"elementor-widget-wrap elementor-element-populated\">\n\t\t\t\t\t\t<div class=\"elementor-element elementor-element-5b7c710 elementor-widget elementor-widget-image\" data-id=\"5b7c710\" data-element_type=\"widget\" data-e-type=\"widget\" data-widget_type=\"image.default\">\n\t\t\t\t<div class=\"elementor-widget-container\">\n\t\t\t\t\t\t\t\t\t\t\t\t\t\t\t<img loading=\"lazy\" decoding=\"async\" width=\"300\" height=\"200\" src=\"https:\/\/soko-livekrimi.de\/wp-content\/uploads\/2023\/12\/shutterstock_2085055825-300x200.jpg\" class=\"attachment-medium size-medium wp-image-3039\" alt=\"\" srcset=\"https:\/\/soko-livekrimi.de\/wp-content\/uploads\/2023\/12\/shutterstock_2085055825-300x200.jpg 300w, https:\/\/soko-livekrimi.de\/wp-content\/uploads\/2023\/12\/shutterstock_2085055825-1024x683.jpg 1024w, https:\/\/soko-livekrimi.de\/wp-content\/uploads\/2023\/12\/shutterstock_2085055825-768x512.jpg 768w, https:\/\/soko-livekrimi.de\/wp-content\/uploads\/2023\/12\/shutterstock_2085055825-1536x1024.jpg 1536w, https:\/\/soko-livekrimi.de\/wp-content\/uploads\/2023\/12\/shutterstock_2085055825-2048x1365.jpg 2048w, https:\/\/soko-livekrimi.de\/wp-content\/uploads\/2023\/12\/shutterstock_2085055825-1140x760.jpg 1140w\" sizes=\"(max-width: 300px) 100vw, 300px\" \/>\t\t\t\t\t\t\t\t\t\t\t\t\t\t\t<\/div>\n\t\t\t\t<\/div>\n\t\t\t\t\t<\/div>\n\t\t<\/div>\n\t\t\t\t\t<\/div>\n\t\t<\/section>\n\t\t\t\t<section class=\"elementor-section elementor-top-section elementor-element elementor-element-e4ec2c2 elementor-section-boxed elementor-section-height-default elementor-section-height-default\" data-id=\"e4ec2c2\" data-element_type=\"section\" data-e-type=\"section\">\n\t\t\t\t\t\t<div class=\"elementor-container elementor-column-gap-default\">\n\t\t\t\t\t<div class=\"elementor-column elementor-col-100 elementor-top-column elementor-element elementor-element-06c60ed\" data-id=\"06c60ed\" data-element_type=\"column\" data-e-type=\"column\">\n\t\t\t<div class=\"elementor-widget-wrap elementor-element-populated\">\n\t\t\t\t\t\t<div class=\"elementor-element elementor-element-62df3e6 elementor-widget elementor-widget-image\" data-id=\"62df3e6\" data-element_type=\"widget\" data-e-type=\"widget\" data-widget_type=\"image.default\">\n\t\t\t\t<div class=\"elementor-widget-container\">\n\t\t\t\t\t\t\t\t\t\t\t\t\t\t\t<img loading=\"lazy\" decoding=\"async\" width=\"188\" height=\"108\" src=\"https:\/\/soko-livekrimi.de\/wp-content\/uploads\/2025\/05\/details.png\" class=\"attachment-large size-large wp-image-3475\" alt=\"\" \/>\t\t\t\t\t\t\t\t\t\t\t\t\t\t\t<\/div>\n\t\t\t\t<\/div>\n\t\t\t\t\t<\/div>\n\t\t<\/div>\n\t\t\t\t\t<\/div>\n\t\t<\/section>\n\t\t\t\t<section class=\"elementor-section elementor-top-section elementor-element elementor-element-85c3937 elementor-section-boxed elementor-section-height-default elementor-section-height-default\" data-id=\"85c3937\" data-element_type=\"section\" data-e-type=\"section\">\n\t\t\t\t\t\t<div class=\"elementor-container elementor-column-gap-default\">\n\t\t\t\t\t<div class=\"elementor-column elementor-col-100 elementor-top-column elementor-element elementor-element-88b6dd2\" data-id=\"88b6dd2\" data-element_type=\"column\" data-e-type=\"column\">\n\t\t\t<div class=\"elementor-widget-wrap elementor-element-populated\">\n\t\t\t\t\t\t<div class=\"elementor-element elementor-element-b48c26b elementor-widget elementor-widget-text-editor\" data-id=\"b48c26b\" data-element_type=\"widget\" data-e-type=\"widget\" data-widget_type=\"text-editor.default\">\n\t\t\t\t<div class=\"elementor-widget-container\">\n\t\t\t\t\t\t\t\t\t<p>Anzahl Spieler: 6 bis 60 Personen<br \/>Dauer: 2,5 &#8211; 3 Stunden<\/p><p>R\u00e4umlichkeiten:<br \/>Gerne kommen wir zu Ihnen!\u00a0<br \/>Unsere F\u00e4lle k\u00f6nnen fast \u00fcberall in Innenr\u00e4umen gespielt werden. Sie ben\u00f6tigen lediglich 2 bis 10 Gruppentische (je nach Anzahl der Spieler) und im Idealfall einen W-LAN Zugang.\u00a0<br \/>Sollte die L\u00f6sung des Livekrimis in Ihren R\u00e4umlichkeiten nicht m\u00f6glich sein, helfen wir Ihnen gerne bei der Suche einer geeigneten Lokalit\u00e4t nach Ihren W\u00fcnschen und Vorgaben.<\/p><p>Sie w\u00fcnschen einen besonderen Ablauf oder weitere Programmpunkte? (z.B.: Sektempfang, Rede des Chefs zu Beginn, etc.)\u00a0\u00a0<br \/>Wir sind sehr flexibel und k\u00f6nnen Ihre Anforderungen in und um den Fall herum einbauen, bzw. organisieren.\u00a0<\/p><p>Weitere Infos:<br \/>Pro Gruppe wird mindestens 1 internetf\u00e4higes Smartphone ben\u00f6tigt.\u00a0<br \/>Aufgrund der Spiell\u00e4nge freut sich Ihr Team sicherlich \u00fcber Getr\u00e4nke und kleine, handliche Snacks.\u00a0<br \/>Gern k\u00f6nnen wir dies auch f\u00fcr Sie organisieren und bereitstellen.\u00a0<\/p>\t\t\t\t\t\t\t\t<\/div>\n\t\t\t\t<\/div>\n\t\t\t\t\t<\/div>\n\t\t<\/div>\n\t\t\t\t\t<\/div>\n\t\t<\/section>\n\t\t\t\t<section class=\"elementor-section elementor-top-section elementor-element elementor-element-bb16be0 elementor-section-boxed elementor-section-height-default elementor-section-height-default\" data-id=\"bb16be0\" data-element_type=\"section\" data-e-type=\"section\">\n\t\t\t\t\t\t<div class=\"elementor-container elementor-column-gap-default\">\n\t\t\t\t\t<div class=\"elementor-column elementor-col-100 elementor-top-column elementor-element elementor-element-f5f5875\" data-id=\"f5f5875\" data-element_type=\"column\" data-e-type=\"column\">\n\t\t\t<div class=\"elementor-widget-wrap elementor-element-populated\">\n\t\t\t\t\t\t<div class=\"elementor-element elementor-element-029cec7 elementor-widget elementor-widget-text-editor\" data-id=\"029cec7\" data-element_type=\"widget\" data-e-type=\"widget\" data-widget_type=\"text-editor.default\">\n\t\t\t\t<div class=\"elementor-widget-container\">\n\t\t\t\t\t\t\t\t\t<p>Wir konnten Ihr Interesse wecken?\u00a0<br \/>Dann schreiben Sie uns noch heute f\u00fcr ein individuelles und ma\u00dfgeschneidertes Angebot:<\/p>\t\t\t\t\t\t\t\t<\/div>\n\t\t\t\t<\/div>\n\t\t\t\t\t<\/div>\n\t\t<\/div>\n\t\t\t\t\t<\/div>\n\t\t<\/section>\n\t\t\t\t<section class=\"elementor-section elementor-top-section elementor-element elementor-element-d41f47e elementor-section-boxed elementor-section-height-default elementor-section-height-default\" data-id=\"d41f47e\" data-element_type=\"section\" data-e-type=\"section\">\n\t\t\t\t\t\t<div class=\"elementor-container elementor-column-gap-default\">\n\t\t\t\t\t<div class=\"elementor-column elementor-col-100 elementor-top-column elementor-element elementor-element-1c701b2\" data-id=\"1c701b2\" data-element_type=\"column\" data-e-type=\"column\">\n\t\t\t<div class=\"elementor-widget-wrap elementor-element-populated\">\n\t\t\t\t\t\t<div class=\"elementor-element elementor-element-70be022 elementor-button-align-stretch elementor-widget elementor-widget-form\" data-id=\"70be022\" data-element_type=\"widget\" data-e-type=\"widget\" data-settings=\"{&quot;step_next_label&quot;:&quot;N\\u00e4chster&quot;,&quot;step_previous_label&quot;:&quot;Voriger&quot;,&quot;button_width&quot;:&quot;100&quot;,&quot;step_type&quot;:&quot;number_text&quot;,&quot;step_icon_shape&quot;:&quot;circle&quot;}\" data-widget_type=\"form.default\">\n\t\t\t\t<div class=\"elementor-widget-container\">\n\t\t\t\t\t\t\t<form class=\"elementor-form\" method=\"post\" name=\"Soko Livekrimi: Teambuilding\" aria-label=\"Soko Livekrimi: Teambuilding\">\n\t\t\t<input type=\"hidden\" name=\"post_id\" value=\"3042\"\/>\n\t\t\t<input type=\"hidden\" name=\"form_id\" value=\"70be022\"\/>\n\t\t\t<input type=\"hidden\" name=\"referer_title\" value=\"\" \/>\n\n\t\t\t\n\t\t\t<div class=\"elementor-form-fields-wrapper elementor-labels-above\">\n\t\t\t\t\t\t\t\t<div class=\"elementor-field-type-text elementor-field-group elementor-column elementor-field-group-name elementor-col-100 elementor-field-required elementor-mark-required\">\n\t\t\t\t\t\t\t\t\t\t\t\t<label for=\"form-field-name\" class=\"elementor-field-label\">\n\t\t\t\t\t\t\t\tName\t\t\t\t\t\t\t<\/label>\n\t\t\t\t\t\t\t\t\t\t\t\t\t\t<input size=\"1\" type=\"text\" name=\"form_fields[name]\" id=\"form-field-name\" class=\"elementor-field elementor-size-sm  elementor-field-textual\" placeholder=\"Name\" required=\"required\">\n\t\t\t\t\t\t\t\t\t\t\t<\/div>\n\t\t\t\t\t\t\t\t<div class=\"elementor-field-type-email elementor-field-group elementor-column elementor-field-group-email elementor-col-100 elementor-field-required elementor-mark-required\">\n\t\t\t\t\t\t\t\t\t\t\t\t<label for=\"form-field-email\" class=\"elementor-field-label\">\n\t\t\t\t\t\t\t\tE-Mail\t\t\t\t\t\t\t<\/label>\n\t\t\t\t\t\t\t\t\t\t\t\t\t\t<input size=\"1\" type=\"email\" name=\"form_fields[email]\" id=\"form-field-email\" class=\"elementor-field elementor-size-sm  elementor-field-textual\" placeholder=\"E-Mail\" required=\"required\">\n\t\t\t\t\t\t\t\t\t\t\t<\/div>\n\t\t\t\t\t\t\t\t<div class=\"elementor-field-type-textarea elementor-field-group elementor-column elementor-field-group-message elementor-col-100 elementor-field-required elementor-mark-required\">\n\t\t\t\t\t\t\t\t\t\t\t\t<label for=\"form-field-message\" class=\"elementor-field-label\">\n\t\t\t\t\t\t\t\tIhre Nachricht an uns:\t\t\t\t\t\t\t<\/label>\n\t\t\t\t\t\t<textarea class=\"elementor-field-textual elementor-field  elementor-size-sm\" name=\"form_fields[message]\" id=\"form-field-message\" rows=\"4\" placeholder=\"Geben Sie auch gerne an, ob Sie bereits einen Termin in die engere Wahl gefasst haben, Ihren Standort und wie viele Personen Sie in etwa erwarten.\" required=\"required\"><\/textarea>\t\t\t\t<\/div>\n\t\t\t\t\t\t\t\t<div class=\"elementor-field-group elementor-column elementor-field-type-submit elementor-col-100 e-form__buttons\">\n\t\t\t\t\t<button class=\"elementor-button elementor-size-sm\" type=\"submit\">\n\t\t\t\t\t\t<span class=\"elementor-button-content-wrapper\">\n\t\t\t\t\t\t\t\t\t\t\t\t\t\t\t\t\t\t\t\t\t\t<span class=\"elementor-button-text\">Senden<\/span>\n\t\t\t\t\t\t\t\t\t\t\t\t\t<\/span>\n\t\t\t\t\t<\/button>\n\t\t\t\t<\/div>\n\t\t\t<\/div>\n\t\t<\/form>\n\t\t\t\t\t\t<\/div>\n\t\t\t\t<\/div>\n\t\t\t\t\t<\/div>\n\t\t<\/div>\n\t\t\t\t\t<\/div>\n\t\t<\/section>\n\t\t\t\t<section class=\"elementor-section elementor-top-section elementor-element elementor-element-cc17da2 elementor-section-boxed elementor-section-height-default elementor-section-height-default\" data-id=\"cc17da2\" data-element_type=\"section\" data-e-type=\"section\">\n\t\t\t\t\t\t<div class=\"elementor-container elementor-column-gap-default\">\n\t\t\t\t\t<div class=\"elementor-column elementor-col-33 elementor-top-column elementor-element elementor-element-382367f\" data-id=\"382367f\" data-element_type=\"column\" data-e-type=\"column\">\n\t\t\t<div class=\"elementor-widget-wrap elementor-element-populated\">\n\t\t\t\t\t\t<div class=\"elementor-element elementor-element-5bf134e elementor-widget elementor-widget-image\" data-id=\"5bf134e\" data-element_type=\"widget\" data-e-type=\"widget\" data-widget_type=\"image.default\">\n\t\t\t\t<div class=\"elementor-widget-container\">\n\t\t\t\t\t\t\t\t\t\t\t\t\t\t\t<img loading=\"lazy\" decoding=\"async\" width=\"225\" height=\"300\" src=\"https:\/\/soko-livekrimi.de\/wp-content\/uploads\/2023\/08\/IMG-20230511-WA0016-225x300.jpg\" class=\"attachment-medium size-medium wp-image-2619\" alt=\"\" srcset=\"https:\/\/soko-livekrimi.de\/wp-content\/uploads\/2023\/08\/IMG-20230511-WA0016-225x300.jpg 225w, https:\/\/soko-livekrimi.de\/wp-content\/uploads\/2023\/08\/IMG-20230511-WA0016-768x1024.jpg 768w, https:\/\/soko-livekrimi.de\/wp-content\/uploads\/2023\/08\/IMG-20230511-WA0016-1152x1536.jpg 1152w, https:\/\/soko-livekrimi.de\/wp-content\/uploads\/2023\/08\/IMG-20230511-WA0016.jpg 1200w\" sizes=\"(max-width: 225px) 100vw, 225px\" \/>\t\t\t\t\t\t\t\t\t\t\t\t\t\t\t<\/div>\n\t\t\t\t<\/div>\n\t\t\t\t\t<\/div>\n\t\t<\/div>\n\t\t\t\t<div class=\"elementor-column elementor-col-33 elementor-top-column elementor-element elementor-element-37cd82b\" data-id=\"37cd82b\" data-element_type=\"column\" data-e-type=\"column\">\n\t\t\t<div class=\"elementor-widget-wrap elementor-element-populated\">\n\t\t\t\t\t\t<div class=\"elementor-element elementor-element-a9fcabc elementor-widget elementor-widget-image\" data-id=\"a9fcabc\" data-element_type=\"widget\" data-e-type=\"widget\" data-widget_type=\"image.default\">\n\t\t\t\t<div class=\"elementor-widget-container\">\n\t\t\t\t\t\t\t\t\t\t\t\t\t\t\t<img loading=\"lazy\" decoding=\"async\" width=\"225\" height=\"300\" src=\"https:\/\/soko-livekrimi.de\/wp-content\/uploads\/2023\/08\/20230530_201138-225x300.jpg\" class=\"attachment-medium size-medium wp-image-2618\" alt=\"\" srcset=\"https:\/\/soko-livekrimi.de\/wp-content\/uploads\/2023\/08\/20230530_201138-225x300.jpg 225w, https:\/\/soko-livekrimi.de\/wp-content\/uploads\/2023\/08\/20230530_201138-768x1024.jpg 768w, https:\/\/soko-livekrimi.de\/wp-content\/uploads\/2023\/08\/20230530_201138-1152x1536.jpg 1152w, https:\/\/soko-livekrimi.de\/wp-content\/uploads\/2023\/08\/20230530_201138-1536x2048.jpg 1536w, https:\/\/soko-livekrimi.de\/wp-content\/uploads\/2023\/08\/20230530_201138-scaled.jpg 1920w\" sizes=\"(max-width: 225px) 100vw, 225px\" \/>\t\t\t\t\t\t\t\t\t\t\t\t\t\t\t<\/div>\n\t\t\t\t<\/div>\n\t\t\t\t\t<\/div>\n\t\t<\/div>\n\t\t\t\t<div class=\"elementor-column elementor-col-33 elementor-top-column elementor-element elementor-element-f56bcd5\" data-id=\"f56bcd5\" data-element_type=\"column\" data-e-type=\"column\">\n\t\t\t<div class=\"elementor-widget-wrap elementor-element-populated\">\n\t\t\t\t\t\t<div class=\"elementor-element elementor-element-be63f10 elementor-widget elementor-widget-image\" data-id=\"be63f10\" data-element_type=\"widget\" data-e-type=\"widget\" data-widget_type=\"image.default\">\n\t\t\t\t<div class=\"elementor-widget-container\">\n\t\t\t\t\t\t\t\t\t\t\t\t\t\t\t<img loading=\"lazy\" decoding=\"async\" width=\"225\" height=\"300\" src=\"https:\/\/soko-livekrimi.de\/wp-content\/uploads\/2023\/08\/20230825_144803-225x300.jpg\" class=\"attachment-medium size-medium wp-image-2893\" alt=\"\" srcset=\"https:\/\/soko-livekrimi.de\/wp-content\/uploads\/2023\/08\/20230825_144803-225x300.jpg 225w, https:\/\/soko-livekrimi.de\/wp-content\/uploads\/2023\/08\/20230825_144803-768x1024.jpg 768w, https:\/\/soko-livekrimi.de\/wp-content\/uploads\/2023\/08\/20230825_144803-1152x1536.jpg 1152w, https:\/\/soko-livekrimi.de\/wp-content\/uploads\/2023\/08\/20230825_144803-1536x2048.jpg 1536w, https:\/\/soko-livekrimi.de\/wp-content\/uploads\/2023\/08\/20230825_144803-1140x1520.jpg 1140w, https:\/\/soko-livekrimi.de\/wp-content\/uploads\/2023\/08\/20230825_144803-scaled.jpg 1920w\" sizes=\"(max-width: 225px) 100vw, 225px\" \/>\t\t\t\t\t\t\t\t\t\t\t\t\t\t\t<\/div>\n\t\t\t\t<\/div>\n\t\t\t\t\t<\/div>\n\t\t<\/div>\n\t\t\t\t\t<\/div>\n\t\t<\/section>\n\t\t\t\t<\/div>\n\t\t","protected":false},"excerpt":{"rendered":"<p>Unsere SOKO Livekrimis bereichern Ihr Teamevent! Ihr Team erlebt einen spannenden und unterhaltsamen Kriminalfall, der nur gemeinschaftlich gel\u00f6st werden kann. Dabei kombinieren wir Elemente aus Escape Rooms mit Murder Mystery Spielen und Krimidinner-F\u00e4llen.Wir bieten Ihnen ein immersives Spielerlebnis an einem realistischen Tatort und kniffligen Verstrickungen und ein unvergessliches Ereignis f\u00fcr Ihr Team.\u00a0 Lernen Sie Ihre Teammitglieder einmal au\u00dferhalb der regul\u00e4ren Strukturen kennen und erfahren Sie, welche verborgenen St\u00e4rken in jedem Einzelnen schlummern.\u00a0Nimmt jemand die Z\u00fcgel in die Hand und wird zum &#8222;Hauptkommissar&#8220; innerhalb der Gruppe?\u00a0H\u00e4lt sich jemand eher zur\u00fcck, kann aber im entscheidenden Moment einen k\u00fchlen Kopf bewahren und erkennt die L\u00f6sung?\u00a0H\u00f6rt jemand eher den Vorschl\u00e4gen der anderen zu und kombiniert diese still zu einem L\u00f6sungsweg, der im finalen Moment Geh\u00f6r findet?Wem liegen eher die logischen oder kombinatorischen Ermittlungsbereiche und wer kann durch kreative Ideen das Team der L\u00f6sung des Falls bringen? W\u00e4hrend Ihr Team beim L\u00f6sen des Falls gemeinschaftlich zusammenw\u00e4chst &#8211; glauben Sie uns: Kaum etwas schwei\u00dft so sehr zusammen, wie gemeinsam einen verzwickten Kriminalfall zu l\u00f6sen &#8211; k\u00f6nnen Sie wertvolle Erkenntnisse f\u00fcr Ihr Team und die pers\u00f6nlichen F\u00e4higkeiten des Einzelnen mitnehmen.\u00a0 Anzahl Spieler: 6 bis 60 PersonenDauer: 2,5 &#8211; 3 Stunden R\u00e4umlichkeiten:Gerne kommen wir zu Ihnen!\u00a0Unsere F\u00e4lle k\u00f6nnen fast \u00fcberall in Innenr\u00e4umen gespielt werden. Sie ben\u00f6tigen lediglich 2 bis 10 Gruppentische (je nach Anzahl der Spieler) und im Idealfall einen W-LAN Zugang.\u00a0Sollte die L\u00f6sung des Livekrimis in Ihren R\u00e4umlichkeiten nicht m\u00f6glich sein, helfen wir Ihnen gerne bei der Suche einer geeigneten Lokalit\u00e4t nach Ihren W\u00fcnschen und Vorgaben. Sie w\u00fcnschen einen besonderen Ablauf oder weitere Programmpunkte? (z.B.: Sektempfang, Rede des Chefs zu Beginn, etc.)\u00a0\u00a0Wir sind sehr flexibel und k\u00f6nnen Ihre Anforderungen in und um den Fall herum einbauen, bzw. organisieren.\u00a0 Weitere Infos:Pro Gruppe wird mindestens 1 internetf\u00e4higes Smartphone ben\u00f6tigt.\u00a0Aufgrund der Spiell\u00e4nge freut sich Ihr Team sicherlich \u00fcber Getr\u00e4nke und kleine, handliche Snacks.\u00a0Gern k\u00f6nnen wir dies auch f\u00fcr Sie organisieren und bereitstellen.\u00a0 Wir konnten Ihr Interesse wecken?\u00a0Dann schreiben Sie uns noch heute f\u00fcr ein individuelles und ma\u00dfgeschneidertes Angebot:<\/p>\n","protected":false},"author":1,"featured_media":0,"parent":0,"menu_order":0,"comment_status":"closed","ping_status":"closed","template":"","meta":{"footnotes":""},"class_list":["post-3042","page","type-page","status-publish","hentry"],"_links":{"self":[{"href":"https:\/\/soko-livekrimi.de\/index.php\/wp-json\/wp\/v2\/pages\/3042","targetHints":{"allow":["GET"]}}],"collection":[{"href":"https:\/\/soko-livekrimi.de\/index.php\/wp-json\/wp\/v2\/pages"}],"about":[{"href":"https:\/\/soko-livekrimi.de\/index.php\/wp-json\/wp\/v2\/types\/page"}],"author":[{"embeddable":true,"href":"https:\/\/soko-livekrimi.de\/index.php\/wp-json\/wp\/v2\/users\/1"}],"replies":[{"embeddable":true,"href":"https:\/\/soko-livekrimi.de\/index.php\/wp-json\/wp\/v2\/comments?post=3042"}],"version-history":[{"count":25,"href":"https:\/\/soko-livekrimi.de\/index.php\/wp-json\/wp\/v2\/pages\/3042\/revisions"}],"predecessor-version":[{"id":3478,"href":"https:\/\/soko-livekrimi.de\/index.php\/wp-json\/wp\/v2\/pages\/3042\/revisions\/3478"}],"wp:attachment":[{"href":"https:\/\/soko-livekrimi.de\/index.php\/wp-json\/wp\/v2\/media?parent=3042"}],"curies":[{"name":"wp","href":"https:\/\/api.w.org\/{rel}","templated":true}]}}