{"id":2859,"date":"2023-08-28T08:22:35","date_gmt":"2023-08-28T08:22:35","guid":{"rendered":"https:\/\/soko-livekrimi.de\/?page_id=2859"},"modified":"2026-04-03T07:21:36","modified_gmt":"2026-04-03T07:21:36","slug":"soko-braut","status":"publish","type":"page","link":"https:\/\/soko-livekrimi.de\/index.php\/soko-braut\/","title":{"rendered":"SOKO BRAUT"},"content":{"rendered":"\t\t<div data-elementor-type=\"wp-page\" data-elementor-id=\"2859\" class=\"elementor elementor-2859\" data-elementor-post-type=\"page\">\n\t\t\t\t\t\t<section class=\"elementor-section elementor-top-section elementor-element elementor-element-4df54d2 elementor-section-boxed elementor-section-height-default elementor-section-height-default\" data-id=\"4df54d2\" data-element_type=\"section\" data-e-type=\"section\">\n\t\t\t\t\t\t<div class=\"elementor-container elementor-column-gap-default\">\n\t\t\t\t\t<div class=\"elementor-column elementor-col-100 elementor-top-column elementor-element elementor-element-3a35388\" data-id=\"3a35388\" data-element_type=\"column\" data-e-type=\"column\">\n\t\t\t<div class=\"elementor-widget-wrap elementor-element-populated\">\n\t\t\t\t\t\t<div class=\"elementor-element elementor-element-2d5a3c8 elementor-widget elementor-widget-image\" data-id=\"2d5a3c8\" data-element_type=\"widget\" data-e-type=\"widget\" data-widget_type=\"image.default\">\n\t\t\t\t<div class=\"elementor-widget-container\">\n\t\t\t\t\t\t\t\t\t\t\t\t\t\t\t<img decoding=\"async\" width=\"296\" height=\"108\" src=\"https:\/\/soko-livekrimi.de\/wp-content\/uploads\/2025\/04\/sbraut.png\" class=\"attachment-large size-large wp-image-3385\" alt=\"\" \/>\t\t\t\t\t\t\t\t\t\t\t\t\t\t\t<\/div>\n\t\t\t\t<\/div>\n\t\t\t\t\t<\/div>\n\t\t<\/div>\n\t\t\t\t\t<\/div>\n\t\t<\/section>\n\t\t\t\t<section class=\"elementor-section elementor-top-section elementor-element elementor-element-33819fd elementor-section-boxed elementor-section-height-default elementor-section-height-default\" data-id=\"33819fd\" data-element_type=\"section\" data-e-type=\"section\">\n\t\t\t\t\t\t<div class=\"elementor-container elementor-column-gap-default\">\n\t\t\t\t\t<div class=\"elementor-column elementor-col-50 elementor-top-column elementor-element elementor-element-db3db35\" data-id=\"db3db35\" data-element_type=\"column\" data-e-type=\"column\">\n\t\t\t<div class=\"elementor-widget-wrap elementor-element-populated\">\n\t\t\t\t\t\t<div class=\"elementor-element elementor-element-f66765d elementor-widget elementor-widget-video\" data-id=\"f66765d\" data-element_type=\"widget\" data-e-type=\"widget\" data-settings=\"{&quot;youtube_url&quot;:&quot;https:\\\/\\\/www.youtube.com\\\/watch?v=XHOmBV4js_E&quot;,&quot;video_type&quot;:&quot;youtube&quot;,&quot;controls&quot;:&quot;yes&quot;}\" data-widget_type=\"video.default\">\n\t\t\t\t<div class=\"elementor-widget-container\">\n\t\t\t\t\t\t\t<div class=\"elementor-wrapper elementor-open-inline\">\n\t\t\t<div class=\"elementor-video\"><\/div>\t\t<\/div>\n\t\t\t\t\t\t<\/div>\n\t\t\t\t<\/div>\n\t\t\t\t<div class=\"elementor-element elementor-element-de6771a elementor-widget elementor-widget-text-editor\" data-id=\"de6771a\" data-element_type=\"widget\" data-e-type=\"widget\" data-widget_type=\"text-editor.default\">\n\t\t\t\t<div class=\"elementor-widget-container\">\n\t\t\t\t\t\t\t\t\t<p>Dieser Fall befindet sich aktuell in der Entwicklung und ist leider noch nicht spielbar.\u00a0<br \/>Eine Ver\u00f6ffentlichung des Falls ist f\u00fcr November 2026 geplant.\u00a0<\/p>\t\t\t\t\t\t\t\t<\/div>\n\t\t\t\t<\/div>\n\t\t\t\t\t<\/div>\n\t\t<\/div>\n\t\t\t\t<div class=\"elementor-column elementor-col-50 elementor-top-column elementor-element elementor-element-d98a6f7\" data-id=\"d98a6f7\" data-element_type=\"column\" data-e-type=\"column\">\n\t\t\t<div class=\"elementor-widget-wrap elementor-element-populated\">\n\t\t\t\t\t\t<div class=\"elementor-element elementor-element-6ab588d elementor-widget elementor-widget-text-editor\" data-id=\"6ab588d\" data-element_type=\"widget\" data-e-type=\"widget\" data-widget_type=\"text-editor.default\">\n\t\t\t\t<div class=\"elementor-widget-container\">\n\t\t\t\t\t\t\t\t\t<p>Mary Lexington, Nichte des ermordeten Lords, besucht ihre Familie in Noellenberg und verliebt sich w\u00e4hrend ihres Aufenthaltes in den hiesigen Apotheker Lars Daschkadt.\u00a0<br \/>Am Tag ihrer gemeinsamen Hochzeit dann der Schock:<br \/>Was zun\u00e4chst f\u00fcr eine Brautentf\u00fchrung durch den Trauzeugen gehalten wird, entpuppt sich als reales Verbrechen. Da die Familie im engsten Familienkreis auf dem Anwesen der Lexingtons heiratet, richtet die Polizei ihr Augenmerk sofort auf die externen Dienstleister.\u00a0<br \/>Alle scheinen einen tiefen Groll gegen die Familie Lexington zu hegen, doch wer von ihnen hat Mary entf\u00fchrt?\u00a0<br \/>Ermitteln Sie rasch, um den Tag zu retten!<\/p>\t\t\t\t\t\t\t\t<\/div>\n\t\t\t\t<\/div>\n\t\t\t\t\t<\/div>\n\t\t<\/div>\n\t\t\t\t\t<\/div>\n\t\t<\/section>\n\t\t\t\t<section class=\"elementor-section elementor-top-section elementor-element elementor-element-ea3ab74 elementor-section-boxed elementor-section-height-default elementor-section-height-default\" data-id=\"ea3ab74\" data-element_type=\"section\" data-e-type=\"section\">\n\t\t\t\t\t\t<div class=\"elementor-container elementor-column-gap-default\">\n\t\t\t\t\t<div class=\"elementor-column elementor-col-100 elementor-top-column elementor-element elementor-element-32c7050\" data-id=\"32c7050\" data-element_type=\"column\" data-e-type=\"column\">\n\t\t\t<div class=\"elementor-widget-wrap elementor-element-populated\">\n\t\t\t\t\t\t<div class=\"elementor-element elementor-element-5d6ce14 elementor-widget elementor-widget-image\" data-id=\"5d6ce14\" data-element_type=\"widget\" data-e-type=\"widget\" data-widget_type=\"image.default\">\n\t\t\t\t<div class=\"elementor-widget-container\">\n\t\t\t\t\t\t\t\t\t\t\t\t\t\t\t<img decoding=\"async\" width=\"322\" height=\"108\" src=\"https:\/\/soko-livekrimi.de\/wp-content\/uploads\/2025\/04\/galerie.png\" class=\"attachment-large size-large wp-image-3333\" alt=\"\" srcset=\"https:\/\/soko-livekrimi.de\/wp-content\/uploads\/2025\/04\/galerie.png 322w, https:\/\/soko-livekrimi.de\/wp-content\/uploads\/2025\/04\/galerie-300x101.png 300w\" sizes=\"(max-width: 322px) 100vw, 322px\" \/>\t\t\t\t\t\t\t\t\t\t\t\t\t\t\t<\/div>\n\t\t\t\t<\/div>\n\t\t\t\t\t<\/div>\n\t\t<\/div>\n\t\t\t\t\t<\/div>\n\t\t<\/section>\n\t\t\t\t<section class=\"elementor-section elementor-top-section elementor-element elementor-element-2f17ccf elementor-section-boxed elementor-section-height-default elementor-section-height-default\" data-id=\"2f17ccf\" data-element_type=\"section\" data-e-type=\"section\">\n\t\t\t\t\t\t<div class=\"elementor-container elementor-column-gap-default\">\n\t\t\t\t\t<div class=\"elementor-column elementor-col-33 elementor-top-column elementor-element elementor-element-858bd58\" data-id=\"858bd58\" data-element_type=\"column\" data-e-type=\"column\">\n\t\t\t<div class=\"elementor-widget-wrap elementor-element-populated\">\n\t\t\t\t\t\t<div class=\"elementor-element elementor-element-e3442dc elementor-widget elementor-widget-image\" data-id=\"e3442dc\" data-element_type=\"widget\" data-e-type=\"widget\" data-widget_type=\"image.default\">\n\t\t\t\t<div class=\"elementor-widget-container\">\n\t\t\t\t\t\t\t\t\t\t\t\t\t\t\t<img fetchpriority=\"high\" decoding=\"async\" width=\"300\" height=\"225\" src=\"https:\/\/soko-livekrimi.de\/wp-content\/uploads\/2026\/04\/20260403_074823-300x225.jpg\" class=\"attachment-medium size-medium wp-image-3525\" alt=\"\" srcset=\"https:\/\/soko-livekrimi.de\/wp-content\/uploads\/2026\/04\/20260403_074823-300x225.jpg 300w, https:\/\/soko-livekrimi.de\/wp-content\/uploads\/2026\/04\/20260403_074823-1024x768.jpg 1024w, https:\/\/soko-livekrimi.de\/wp-content\/uploads\/2026\/04\/20260403_074823-768x576.jpg 768w, https:\/\/soko-livekrimi.de\/wp-content\/uploads\/2026\/04\/20260403_074823-1536x1152.jpg 1536w, https:\/\/soko-livekrimi.de\/wp-content\/uploads\/2026\/04\/20260403_074823-2048x1536.jpg 2048w, https:\/\/soko-livekrimi.de\/wp-content\/uploads\/2026\/04\/20260403_074823-1140x855.jpg 1140w\" sizes=\"(max-width: 300px) 100vw, 300px\" \/>\t\t\t\t\t\t\t\t\t\t\t\t\t\t\t<\/div>\n\t\t\t\t<\/div>\n\t\t\t\t\t<\/div>\n\t\t<\/div>\n\t\t\t\t<div class=\"elementor-column elementor-col-33 elementor-top-column elementor-element elementor-element-0aadf40\" data-id=\"0aadf40\" data-element_type=\"column\" data-e-type=\"column\">\n\t\t\t<div class=\"elementor-widget-wrap elementor-element-populated\">\n\t\t\t\t\t\t<div class=\"elementor-element elementor-element-c285e53 elementor-widget elementor-widget-image\" data-id=\"c285e53\" data-element_type=\"widget\" data-e-type=\"widget\" data-widget_type=\"image.default\">\n\t\t\t\t<div class=\"elementor-widget-container\">\n\t\t\t\t\t\t\t\t\t\t\t\t\t\t\t<img loading=\"lazy\" decoding=\"async\" width=\"225\" height=\"300\" src=\"https:\/\/soko-livekrimi.de\/wp-content\/uploads\/2023\/08\/IMG-20230511-WA0016-225x300.jpg\" class=\"attachment-medium size-medium wp-image-2619\" alt=\"\" srcset=\"https:\/\/soko-livekrimi.de\/wp-content\/uploads\/2023\/08\/IMG-20230511-WA0016-225x300.jpg 225w, https:\/\/soko-livekrimi.de\/wp-content\/uploads\/2023\/08\/IMG-20230511-WA0016-768x1024.jpg 768w, https:\/\/soko-livekrimi.de\/wp-content\/uploads\/2023\/08\/IMG-20230511-WA0016-1152x1536.jpg 1152w, https:\/\/soko-livekrimi.de\/wp-content\/uploads\/2023\/08\/IMG-20230511-WA0016.jpg 1200w\" sizes=\"(max-width: 225px) 100vw, 225px\" \/>\t\t\t\t\t\t\t\t\t\t\t\t\t\t\t<\/div>\n\t\t\t\t<\/div>\n\t\t\t\t\t<\/div>\n\t\t<\/div>\n\t\t\t\t<div class=\"elementor-column elementor-col-33 elementor-top-column elementor-element elementor-element-4487d08\" data-id=\"4487d08\" data-element_type=\"column\" data-e-type=\"column\">\n\t\t\t<div class=\"elementor-widget-wrap elementor-element-populated\">\n\t\t\t\t\t\t<div class=\"elementor-element elementor-element-1c25ff0 elementor-widget elementor-widget-image\" data-id=\"1c25ff0\" data-element_type=\"widget\" data-e-type=\"widget\" data-widget_type=\"image.default\">\n\t\t\t\t<div class=\"elementor-widget-container\">\n\t\t\t\t\t\t\t\t\t\t\t\t\t\t\t<img loading=\"lazy\" decoding=\"async\" width=\"225\" height=\"300\" src=\"https:\/\/soko-livekrimi.de\/wp-content\/uploads\/2023\/08\/20230825_144803-225x300.jpg\" class=\"attachment-medium size-medium wp-image-2893\" alt=\"\" srcset=\"https:\/\/soko-livekrimi.de\/wp-content\/uploads\/2023\/08\/20230825_144803-225x300.jpg 225w, https:\/\/soko-livekrimi.de\/wp-content\/uploads\/2023\/08\/20230825_144803-768x1024.jpg 768w, https:\/\/soko-livekrimi.de\/wp-content\/uploads\/2023\/08\/20230825_144803-1152x1536.jpg 1152w, https:\/\/soko-livekrimi.de\/wp-content\/uploads\/2023\/08\/20230825_144803-1536x2048.jpg 1536w, https:\/\/soko-livekrimi.de\/wp-content\/uploads\/2023\/08\/20230825_144803-1140x1520.jpg 1140w, https:\/\/soko-livekrimi.de\/wp-content\/uploads\/2023\/08\/20230825_144803-scaled.jpg 1920w\" sizes=\"(max-width: 225px) 100vw, 225px\" \/>\t\t\t\t\t\t\t\t\t\t\t\t\t\t\t<\/div>\n\t\t\t\t<\/div>\n\t\t\t\t\t<\/div>\n\t\t<\/div>\n\t\t\t\t\t<\/div>\n\t\t<\/section>\n\t\t\t\t<section class=\"elementor-section elementor-top-section elementor-element elementor-element-ea6ec8f elementor-section-boxed elementor-section-height-default elementor-section-height-default\" data-id=\"ea6ec8f\" data-element_type=\"section\" data-e-type=\"section\">\n\t\t\t\t\t\t<div class=\"elementor-container elementor-column-gap-default\">\n\t\t\t\t\t<div class=\"elementor-column elementor-col-100 elementor-top-column elementor-element elementor-element-978ac77\" data-id=\"978ac77\" data-element_type=\"column\" data-e-type=\"column\">\n\t\t\t<div class=\"elementor-widget-wrap elementor-element-populated\">\n\t\t\t\t\t\t<div class=\"elementor-element elementor-element-f0c97b4 elementor-widget elementor-widget-image\" data-id=\"f0c97b4\" data-element_type=\"widget\" data-e-type=\"widget\" data-widget_type=\"image.default\">\n\t\t\t\t<div class=\"elementor-widget-container\">\n\t\t\t\t\t\t\t\t\t\t\t\t\t\t\t<img loading=\"lazy\" decoding=\"async\" width=\"388\" height=\"94\" src=\"https:\/\/soko-livekrimi.de\/wp-content\/uploads\/2025\/04\/infos.png\" class=\"attachment-large size-large wp-image-3377\" alt=\"\" srcset=\"https:\/\/soko-livekrimi.de\/wp-content\/uploads\/2025\/04\/infos.png 388w, https:\/\/soko-livekrimi.de\/wp-content\/uploads\/2025\/04\/infos-300x73.png 300w\" sizes=\"(max-width: 388px) 100vw, 388px\" \/>\t\t\t\t\t\t\t\t\t\t\t\t\t\t\t<\/div>\n\t\t\t\t<\/div>\n\t\t\t\t\t<\/div>\n\t\t<\/div>\n\t\t\t\t\t<\/div>\n\t\t<\/section>\n\t\t\t\t<section class=\"elementor-section elementor-top-section elementor-element elementor-element-30cec99 elementor-section-boxed elementor-section-height-default elementor-section-height-default\" data-id=\"30cec99\" data-element_type=\"section\" data-e-type=\"section\">\n\t\t\t\t\t\t<div class=\"elementor-container elementor-column-gap-default\">\n\t\t\t\t\t<div class=\"elementor-column elementor-col-100 elementor-top-column elementor-element elementor-element-8e0610f\" data-id=\"8e0610f\" data-element_type=\"column\" data-e-type=\"column\">\n\t\t\t<div class=\"elementor-widget-wrap elementor-element-populated\">\n\t\t\t\t\t\t<div class=\"elementor-element elementor-element-90b288d elementor-widget elementor-widget-text-editor\" data-id=\"90b288d\" data-element_type=\"widget\" data-e-type=\"widget\" data-widget_type=\"text-editor.default\">\n\t\t\t\t<div class=\"elementor-widget-container\">\n\t\t\t\t\t\t\t\t\t<p>Der Fall befindet sich aktuell in Entwicklung.\u00a0<\/p><p>Eine Ver\u00f6ffentlichung ist f\u00fcr November 2026 geplant.\u00a0<\/p><p>Es wird ein internetf\u00e4higes Smartphone inklusive WhatsApp ben\u00f6tigt, um den Fall l\u00f6sen zu k\u00f6nnen.\u00a0<\/p>\t\t\t\t\t\t\t\t<\/div>\n\t\t\t\t<\/div>\n\t\t\t\t\t<\/div>\n\t\t<\/div>\n\t\t\t\t\t<\/div>\n\t\t<\/section>\n\t\t\t\t<\/div>\n\t\t","protected":false},"excerpt":{"rendered":"<p>https:\/\/www.youtube.com\/watch?v=XHOmBV4js_E Dieser Fall befindet sich aktuell in der Entwicklung und ist leider noch nicht spielbar.\u00a0Eine Ver\u00f6ffentlichung des Falls ist f\u00fcr November 2026 geplant.\u00a0 Mary Lexington, Nichte des ermordeten Lords, besucht ihre Familie in Noellenberg und verliebt sich w\u00e4hrend ihres Aufenthaltes in den hiesigen Apotheker Lars Daschkadt.\u00a0Am Tag ihrer gemeinsamen Hochzeit dann der Schock:Was zun\u00e4chst f\u00fcr eine Brautentf\u00fchrung durch den Trauzeugen gehalten wird, entpuppt sich als reales Verbrechen. Da die Familie im engsten Familienkreis auf dem Anwesen der Lexingtons heiratet, richtet die Polizei ihr Augenmerk sofort auf die externen Dienstleister.\u00a0Alle scheinen einen tiefen Groll gegen die Familie Lexington zu hegen, doch wer von ihnen hat Mary entf\u00fchrt?\u00a0Ermitteln Sie rasch, um den Tag zu retten! Der Fall befindet sich aktuell in Entwicklung.\u00a0 Eine Ver\u00f6ffentlichung ist f\u00fcr November 2026 geplant.\u00a0 Es wird ein internetf\u00e4higes Smartphone inklusive WhatsApp ben\u00f6tigt, um den Fall l\u00f6sen zu k\u00f6nnen.\u00a0<\/p>\n","protected":false},"author":1,"featured_media":0,"parent":0,"menu_order":0,"comment_status":"closed","ping_status":"closed","template":"","meta":{"footnotes":""},"class_list":["post-2859","page","type-page","status-publish","hentry"],"_links":{"self":[{"href":"https:\/\/soko-livekrimi.de\/index.php\/wp-json\/wp\/v2\/pages\/2859","targetHints":{"allow":["GET"]}}],"collection":[{"href":"https:\/\/soko-livekrimi.de\/index.php\/wp-json\/wp\/v2\/pages"}],"about":[{"href":"https:\/\/soko-livekrimi.de\/index.php\/wp-json\/wp\/v2\/types\/page"}],"author":[{"embeddable":true,"href":"https:\/\/soko-livekrimi.de\/index.php\/wp-json\/wp\/v2\/users\/1"}],"replies":[{"embeddable":true,"href":"https:\/\/soko-livekrimi.de\/index.php\/wp-json\/wp\/v2\/comments?post=2859"}],"version-history":[{"count":25,"href":"https:\/\/soko-livekrimi.de\/index.php\/wp-json\/wp\/v2\/pages\/2859\/revisions"}],"predecessor-version":[{"id":3567,"href":"https:\/\/soko-livekrimi.de\/index.php\/wp-json\/wp\/v2\/pages\/2859\/revisions\/3567"}],"wp:attachment":[{"href":"https:\/\/soko-livekrimi.de\/index.php\/wp-json\/wp\/v2\/media?parent=2859"}],"curies":[{"name":"wp","href":"https:\/\/api.w.org\/{rel}","templated":true}]}}