{"id":2661,"date":"2023-08-06T08:50:25","date_gmt":"2023-08-06T08:50:25","guid":{"rendered":"https:\/\/soko-livekrimi.de\/?page_id=2661"},"modified":"2026-04-03T07:19:58","modified_gmt":"2026-04-03T07:19:58","slug":"soko-mord","status":"publish","type":"page","link":"https:\/\/soko-livekrimi.de\/index.php\/soko-mord\/","title":{"rendered":"SOKO MORD"},"content":{"rendered":"\t\t<div data-elementor-type=\"wp-page\" data-elementor-id=\"2661\" class=\"elementor elementor-2661\" data-elementor-post-type=\"page\">\n\t\t\t\t\t\t<section class=\"elementor-section elementor-top-section elementor-element elementor-element-ff06a4d elementor-section-boxed elementor-section-height-default elementor-section-height-default\" data-id=\"ff06a4d\" data-element_type=\"section\" data-e-type=\"section\">\n\t\t\t\t\t\t<div class=\"elementor-container elementor-column-gap-default\">\n\t\t\t\t\t<div class=\"elementor-column elementor-col-100 elementor-top-column elementor-element elementor-element-754ef4d\" data-id=\"754ef4d\" data-element_type=\"column\" data-e-type=\"column\">\n\t\t\t<div class=\"elementor-widget-wrap elementor-element-populated\">\n\t\t\t\t\t\t<div class=\"elementor-element elementor-element-1c9579a elementor-widget elementor-widget-image\" data-id=\"1c9579a\" data-element_type=\"widget\" data-e-type=\"widget\" data-widget_type=\"image.default\">\n\t\t\t\t<div class=\"elementor-widget-container\">\n\t\t\t\t\t\t\t\t\t\t\t\t\t\t\t<img decoding=\"async\" width=\"284\" height=\"108\" src=\"https:\/\/soko-livekrimi.de\/wp-content\/uploads\/2025\/04\/smord.png\" class=\"attachment-large size-large wp-image-3386\" alt=\"\" \/>\t\t\t\t\t\t\t\t\t\t\t\t\t\t\t<\/div>\n\t\t\t\t<\/div>\n\t\t\t\t\t<\/div>\n\t\t<\/div>\n\t\t\t\t\t<\/div>\n\t\t<\/section>\n\t\t\t\t<section class=\"elementor-section elementor-top-section elementor-element elementor-element-06ba74b elementor-section-boxed elementor-section-height-default elementor-section-height-default\" data-id=\"06ba74b\" data-element_type=\"section\" data-e-type=\"section\">\n\t\t\t\t\t\t<div class=\"elementor-container elementor-column-gap-default\">\n\t\t\t\t\t<div class=\"elementor-column elementor-col-50 elementor-top-column elementor-element elementor-element-96e4a17\" data-id=\"96e4a17\" data-element_type=\"column\" data-e-type=\"column\">\n\t\t\t<div class=\"elementor-widget-wrap elementor-element-populated\">\n\t\t\t\t\t\t<div class=\"elementor-element elementor-element-f71f06e elementor-widget elementor-widget-video\" data-id=\"f71f06e\" data-element_type=\"widget\" data-e-type=\"widget\" data-settings=\"{&quot;youtube_url&quot;:&quot;https:\\\/\\\/youtu.be\\\/rWsxz2lg5qQ&quot;,&quot;video_type&quot;:&quot;youtube&quot;,&quot;controls&quot;:&quot;yes&quot;}\" data-widget_type=\"video.default\">\n\t\t\t\t<div class=\"elementor-widget-container\">\n\t\t\t\t\t\t\t<div class=\"elementor-wrapper elementor-open-inline\">\n\t\t\t<div class=\"elementor-video\"><\/div>\t\t<\/div>\n\t\t\t\t\t\t<\/div>\n\t\t\t\t<\/div>\n\t\t\t\t\t<\/div>\n\t\t<\/div>\n\t\t\t\t<div class=\"elementor-column elementor-col-50 elementor-top-column elementor-element elementor-element-ccfeea0\" data-id=\"ccfeea0\" data-element_type=\"column\" data-e-type=\"column\">\n\t\t\t<div class=\"elementor-widget-wrap elementor-element-populated\">\n\t\t\t\t\t\t<div class=\"elementor-element elementor-element-a0b7890 elementor-widget elementor-widget-text-editor\" data-id=\"a0b7890\" data-element_type=\"widget\" data-e-type=\"widget\" data-widget_type=\"text-editor.default\">\n\t\t\t\t<div class=\"elementor-widget-container\">\n\t\t\t\t\t\t\t\t\t<p>Hauptkommissar Herrmanns blickt stolz auf seine Karriere im Noellenberger Revier zur\u00fcck. Unter seiner Leitung blieb bislang kein Kapitalverbrechen ungekl\u00e4rt. Doch nun &#8211; einen Monat vor seiner Pensionierung &#8211; wird Lord Thomas Lexington Senior, der prominenteste B\u00fcrger der Stadt, leblos in seinem Studierzimmer\u00a0 aufgefunden. Diagnose: Mord! <br \/>Dank seiner zwielichtigen Immobiliengesch\u00e4fte hatte Lexington zahlreiche Feinde und sein Anwesen mit einem un\u00fcberwindbaren Sicherheitssystem ausgestattet.\u00a0<br \/>Somit ist gewiss: Die Tat muss jemand aus seinem n\u00e4chsten Umfeld getan haben. Doch jeder scheint zwar ein Motiv, aber auch ein wasserdichtes Alibi zu haben.\u00a0<br \/>Helfen Sie den Kommissaren und l\u00f6sen Sie den Fall!<\/p>\t\t\t\t\t\t\t\t<\/div>\n\t\t\t\t<\/div>\n\t\t\t\t\t<\/div>\n\t\t<\/div>\n\t\t\t\t\t<\/div>\n\t\t<\/section>\n\t\t\t\t<section class=\"elementor-section elementor-top-section elementor-element elementor-element-ff9e24b elementor-section-boxed elementor-section-height-default elementor-section-height-default\" data-id=\"ff9e24b\" data-element_type=\"section\" data-e-type=\"section\">\n\t\t\t\t\t\t<div class=\"elementor-container elementor-column-gap-default\">\n\t\t\t\t\t<div class=\"elementor-column elementor-col-100 elementor-top-column elementor-element elementor-element-196b99d\" data-id=\"196b99d\" data-element_type=\"column\" data-e-type=\"column\">\n\t\t\t<div class=\"elementor-widget-wrap elementor-element-populated\">\n\t\t\t\t\t\t<div class=\"elementor-element elementor-element-3659c0d elementor-widget elementor-widget-image\" data-id=\"3659c0d\" data-element_type=\"widget\" data-e-type=\"widget\" data-widget_type=\"image.default\">\n\t\t\t\t<div class=\"elementor-widget-container\">\n\t\t\t\t\t\t\t\t\t\t\t\t\t\t\t<img decoding=\"async\" width=\"322\" height=\"108\" src=\"https:\/\/soko-livekrimi.de\/wp-content\/uploads\/2025\/04\/galerie.png\" class=\"attachment-large size-large wp-image-3333\" alt=\"\" srcset=\"https:\/\/soko-livekrimi.de\/wp-content\/uploads\/2025\/04\/galerie.png 322w, https:\/\/soko-livekrimi.de\/wp-content\/uploads\/2025\/04\/galerie-300x101.png 300w\" sizes=\"(max-width: 322px) 100vw, 322px\" \/>\t\t\t\t\t\t\t\t\t\t\t\t\t\t\t<\/div>\n\t\t\t\t<\/div>\n\t\t\t\t\t<\/div>\n\t\t<\/div>\n\t\t\t\t\t<\/div>\n\t\t<\/section>\n\t\t\t\t<section class=\"elementor-section elementor-top-section elementor-element elementor-element-09a1a79 elementor-section-boxed elementor-section-height-default elementor-section-height-default\" data-id=\"09a1a79\" data-element_type=\"section\" data-e-type=\"section\">\n\t\t\t\t\t\t<div class=\"elementor-container elementor-column-gap-default\">\n\t\t\t\t\t<div class=\"elementor-column elementor-col-33 elementor-top-column elementor-element elementor-element-f9916ea\" data-id=\"f9916ea\" data-element_type=\"column\" data-e-type=\"column\">\n\t\t\t<div class=\"elementor-widget-wrap elementor-element-populated\">\n\t\t\t\t\t\t<div class=\"elementor-element elementor-element-fe0f27b elementor-widget elementor-widget-image\" data-id=\"fe0f27b\" data-element_type=\"widget\" data-e-type=\"widget\" data-widget_type=\"image.default\">\n\t\t\t\t<div class=\"elementor-widget-container\">\n\t\t\t\t\t\t\t\t\t\t\t\t\t\t\t<img fetchpriority=\"high\" decoding=\"async\" width=\"225\" height=\"300\" src=\"https:\/\/soko-livekrimi.de\/wp-content\/uploads\/2023\/08\/20230530_201138-225x300.jpg\" class=\"attachment-medium size-medium wp-image-2618\" alt=\"\" srcset=\"https:\/\/soko-livekrimi.de\/wp-content\/uploads\/2023\/08\/20230530_201138-225x300.jpg 225w, https:\/\/soko-livekrimi.de\/wp-content\/uploads\/2023\/08\/20230530_201138-768x1024.jpg 768w, https:\/\/soko-livekrimi.de\/wp-content\/uploads\/2023\/08\/20230530_201138-1152x1536.jpg 1152w, https:\/\/soko-livekrimi.de\/wp-content\/uploads\/2023\/08\/20230530_201138-1536x2048.jpg 1536w, https:\/\/soko-livekrimi.de\/wp-content\/uploads\/2023\/08\/20230530_201138-scaled.jpg 1920w\" sizes=\"(max-width: 225px) 100vw, 225px\" \/>\t\t\t\t\t\t\t\t\t\t\t\t\t\t\t<\/div>\n\t\t\t\t<\/div>\n\t\t\t\t\t<\/div>\n\t\t<\/div>\n\t\t\t\t<div class=\"elementor-column elementor-col-33 elementor-top-column elementor-element elementor-element-ad84cd3\" data-id=\"ad84cd3\" data-element_type=\"column\" data-e-type=\"column\">\n\t\t\t<div class=\"elementor-widget-wrap elementor-element-populated\">\n\t\t\t\t\t\t<div class=\"elementor-element elementor-element-bad6d09 elementor-widget elementor-widget-image\" data-id=\"bad6d09\" data-element_type=\"widget\" data-e-type=\"widget\" data-widget_type=\"image.default\">\n\t\t\t\t<div class=\"elementor-widget-container\">\n\t\t\t\t\t\t\t\t\t\t\t\t\t\t\t<img loading=\"lazy\" decoding=\"async\" width=\"225\" height=\"300\" src=\"https:\/\/soko-livekrimi.de\/wp-content\/uploads\/2023\/08\/IMG-20230511-WA0016-225x300.jpg\" class=\"attachment-medium size-medium wp-image-2619\" alt=\"\" srcset=\"https:\/\/soko-livekrimi.de\/wp-content\/uploads\/2023\/08\/IMG-20230511-WA0016-225x300.jpg 225w, https:\/\/soko-livekrimi.de\/wp-content\/uploads\/2023\/08\/IMG-20230511-WA0016-768x1024.jpg 768w, https:\/\/soko-livekrimi.de\/wp-content\/uploads\/2023\/08\/IMG-20230511-WA0016-1152x1536.jpg 1152w, https:\/\/soko-livekrimi.de\/wp-content\/uploads\/2023\/08\/IMG-20230511-WA0016.jpg 1200w\" sizes=\"(max-width: 225px) 100vw, 225px\" \/>\t\t\t\t\t\t\t\t\t\t\t\t\t\t\t<\/div>\n\t\t\t\t<\/div>\n\t\t\t\t\t<\/div>\n\t\t<\/div>\n\t\t\t\t<div class=\"elementor-column elementor-col-33 elementor-top-column elementor-element elementor-element-1ef7869\" data-id=\"1ef7869\" data-element_type=\"column\" data-e-type=\"column\">\n\t\t\t<div class=\"elementor-widget-wrap elementor-element-populated\">\n\t\t\t\t\t\t<div class=\"elementor-element elementor-element-5b1853f elementor-widget elementor-widget-image\" data-id=\"5b1853f\" data-element_type=\"widget\" data-e-type=\"widget\" data-widget_type=\"image.default\">\n\t\t\t\t<div class=\"elementor-widget-container\">\n\t\t\t\t\t\t\t\t\t\t\t\t\t\t\t<img loading=\"lazy\" decoding=\"async\" width=\"225\" height=\"300\" src=\"https:\/\/soko-livekrimi.de\/wp-content\/uploads\/2025\/05\/20250526_200302-225x300.jpg\" class=\"attachment-medium size-medium wp-image-3493\" alt=\"\" srcset=\"https:\/\/soko-livekrimi.de\/wp-content\/uploads\/2025\/05\/20250526_200302-225x300.jpg 225w, https:\/\/soko-livekrimi.de\/wp-content\/uploads\/2025\/05\/20250526_200302-768x1024.jpg 768w, https:\/\/soko-livekrimi.de\/wp-content\/uploads\/2025\/05\/20250526_200302-1152x1536.jpg 1152w, https:\/\/soko-livekrimi.de\/wp-content\/uploads\/2025\/05\/20250526_200302-1536x2048.jpg 1536w, https:\/\/soko-livekrimi.de\/wp-content\/uploads\/2025\/05\/20250526_200302-1140x1520.jpg 1140w, https:\/\/soko-livekrimi.de\/wp-content\/uploads\/2025\/05\/20250526_200302-scaled.jpg 1920w\" sizes=\"(max-width: 225px) 100vw, 225px\" \/>\t\t\t\t\t\t\t\t\t\t\t\t\t\t\t<\/div>\n\t\t\t\t<\/div>\n\t\t\t\t\t<\/div>\n\t\t<\/div>\n\t\t\t\t\t<\/div>\n\t\t<\/section>\n\t\t\t\t<section class=\"elementor-section elementor-top-section elementor-element elementor-element-952ecfb elementor-section-boxed elementor-section-height-default elementor-section-height-default\" data-id=\"952ecfb\" data-element_type=\"section\" data-e-type=\"section\">\n\t\t\t\t\t\t<div class=\"elementor-container elementor-column-gap-default\">\n\t\t\t\t\t<div class=\"elementor-column elementor-col-100 elementor-top-column elementor-element elementor-element-a85b9b8\" data-id=\"a85b9b8\" data-element_type=\"column\" data-e-type=\"column\">\n\t\t\t<div class=\"elementor-widget-wrap elementor-element-populated\">\n\t\t\t\t\t\t<div class=\"elementor-element elementor-element-f045c40 elementor-widget elementor-widget-image\" data-id=\"f045c40\" data-element_type=\"widget\" data-e-type=\"widget\" data-widget_type=\"image.default\">\n\t\t\t\t<div class=\"elementor-widget-container\">\n\t\t\t\t\t\t\t\t\t\t\t\t\t\t\t<img loading=\"lazy\" decoding=\"async\" width=\"388\" height=\"94\" src=\"https:\/\/soko-livekrimi.de\/wp-content\/uploads\/2025\/04\/infos.png\" class=\"attachment-large size-large wp-image-3377\" alt=\"\" srcset=\"https:\/\/soko-livekrimi.de\/wp-content\/uploads\/2025\/04\/infos.png 388w, https:\/\/soko-livekrimi.de\/wp-content\/uploads\/2025\/04\/infos-300x73.png 300w\" sizes=\"(max-width: 388px) 100vw, 388px\" \/>\t\t\t\t\t\t\t\t\t\t\t\t\t\t\t<\/div>\n\t\t\t\t<\/div>\n\t\t\t\t\t<\/div>\n\t\t<\/div>\n\t\t\t\t\t<\/div>\n\t\t<\/section>\n\t\t\t\t<section class=\"elementor-section elementor-top-section elementor-element elementor-element-b3ca518 elementor-section-boxed elementor-section-height-default elementor-section-height-default\" data-id=\"b3ca518\" data-element_type=\"section\" data-e-type=\"section\">\n\t\t\t\t\t\t<div class=\"elementor-container elementor-column-gap-default\">\n\t\t\t\t\t<div class=\"elementor-column elementor-col-100 elementor-top-column elementor-element elementor-element-161d71e\" data-id=\"161d71e\" data-element_type=\"column\" data-e-type=\"column\">\n\t\t\t<div class=\"elementor-widget-wrap elementor-element-populated\">\n\t\t\t\t\t\t<div class=\"elementor-element elementor-element-00efac6 elementor-widget elementor-widget-spacer\" data-id=\"00efac6\" data-element_type=\"widget\" data-e-type=\"widget\" data-widget_type=\"spacer.default\">\n\t\t\t\t<div class=\"elementor-widget-container\">\n\t\t\t\t\t\t\t<div class=\"elementor-spacer\">\n\t\t\t<div class=\"elementor-spacer-inner\"><\/div>\n\t\t<\/div>\n\t\t\t\t\t\t<\/div>\n\t\t\t\t<\/div>\n\t\t\t\t\t<\/div>\n\t\t<\/div>\n\t\t\t\t\t<\/div>\n\t\t<\/section>\n\t\t\t\t<section class=\"elementor-section elementor-top-section elementor-element elementor-element-f366a8d elementor-section-boxed elementor-section-height-default elementor-section-height-default\" data-id=\"f366a8d\" data-element_type=\"section\" data-e-type=\"section\">\n\t\t\t\t\t\t<div class=\"elementor-container elementor-column-gap-default\">\n\t\t\t\t\t<div class=\"elementor-column elementor-col-100 elementor-top-column elementor-element elementor-element-7233118\" data-id=\"7233118\" data-element_type=\"column\" data-e-type=\"column\">\n\t\t\t<div class=\"elementor-widget-wrap elementor-element-populated\">\n\t\t\t\t\t\t<div class=\"elementor-element elementor-element-d2b8e10 elementor-widget elementor-widget-text-editor\" data-id=\"d2b8e10\" data-element_type=\"widget\" data-e-type=\"widget\" data-widget_type=\"text-editor.default\">\n\t\t\t\t<div class=\"elementor-widget-container\">\n\t\t\t\t\t\t\t\t\t<p>Spieldauer: 2 bis 2,5 Stunden<\/p><p>Level: Fortgeschritten\u00a0<\/p><p>Teamst\u00e4rke: 4 bis 6 Personen pro Team<\/p><p>Teamanzahl: max. 10 Teams k\u00f6nnen parallel den Fall l\u00f6sen<\/p><p>Voraussetzungen: Ein Internetf\u00e4higes Smartphone pro Team<\/p><p>Altersempfehlung: ab 16 Jahren (Themen: Mord, Drogenhandel &amp; -konsum, Drohungen, implizierte Sexarbeit)<\/p>\t\t\t\t\t\t\t\t<\/div>\n\t\t\t\t<\/div>\n\t\t\t\t\t<\/div>\n\t\t<\/div>\n\t\t\t\t\t<\/div>\n\t\t<\/section>\n\t\t\t\t<section class=\"elementor-section elementor-top-section elementor-element elementor-element-d5e51c4 elementor-section-boxed elementor-section-height-default elementor-section-height-default\" data-id=\"d5e51c4\" data-element_type=\"section\" data-e-type=\"section\">\n\t\t\t\t\t\t<div class=\"elementor-container elementor-column-gap-default\">\n\t\t\t\t\t<div class=\"elementor-column elementor-col-33 elementor-top-column elementor-element elementor-element-865af45\" data-id=\"865af45\" data-element_type=\"column\" data-e-type=\"column\">\n\t\t\t<div class=\"elementor-widget-wrap elementor-element-populated\">\n\t\t\t\t\t\t<div class=\"elementor-element elementor-element-b6fb5fb elementor-widget elementor-widget-image\" data-id=\"b6fb5fb\" data-element_type=\"widget\" data-e-type=\"widget\" data-widget_type=\"image.default\">\n\t\t\t\t<div class=\"elementor-widget-container\">\n\t\t\t\t\t\t\t\t\t\t\t\t\t\t\t<img loading=\"lazy\" decoding=\"async\" width=\"219\" height=\"300\" src=\"https:\/\/soko-livekrimi.de\/wp-content\/uploads\/2023\/08\/20230524_1815200-219x300.jpg\" class=\"attachment-medium size-medium wp-image-2617\" alt=\"\" srcset=\"https:\/\/soko-livekrimi.de\/wp-content\/uploads\/2023\/08\/20230524_1815200-219x300.jpg 219w, https:\/\/soko-livekrimi.de\/wp-content\/uploads\/2023\/08\/20230524_1815200-747x1024.jpg 747w, https:\/\/soko-livekrimi.de\/wp-content\/uploads\/2023\/08\/20230524_1815200-768x1053.jpg 768w, https:\/\/soko-livekrimi.de\/wp-content\/uploads\/2023\/08\/20230524_1815200-1120x1536.jpg 1120w, https:\/\/soko-livekrimi.de\/wp-content\/uploads\/2023\/08\/20230524_1815200-1493x2048.jpg 1493w, https:\/\/soko-livekrimi.de\/wp-content\/uploads\/2023\/08\/20230524_1815200-scaled.jpg 1867w\" sizes=\"(max-width: 219px) 100vw, 219px\" \/>\t\t\t\t\t\t\t\t\t\t\t\t\t\t\t<\/div>\n\t\t\t\t<\/div>\n\t\t\t\t\t<\/div>\n\t\t<\/div>\n\t\t\t\t<div class=\"elementor-column elementor-col-33 elementor-top-column elementor-element elementor-element-c6dac48\" data-id=\"c6dac48\" data-element_type=\"column\" data-e-type=\"column\">\n\t\t\t<div class=\"elementor-widget-wrap elementor-element-populated\">\n\t\t\t\t\t\t<div class=\"elementor-element elementor-element-07d0794 elementor-widget elementor-widget-image\" data-id=\"07d0794\" data-element_type=\"widget\" data-e-type=\"widget\" data-widget_type=\"image.default\">\n\t\t\t\t<div class=\"elementor-widget-container\">\n\t\t\t\t\t\t\t\t\t\t\t\t\t\t\t<img loading=\"lazy\" decoding=\"async\" width=\"225\" height=\"300\" src=\"https:\/\/soko-livekrimi.de\/wp-content\/uploads\/2023\/08\/20230825_144803-225x300.jpg\" class=\"attachment-medium size-medium wp-image-2893\" alt=\"\" srcset=\"https:\/\/soko-livekrimi.de\/wp-content\/uploads\/2023\/08\/20230825_144803-225x300.jpg 225w, https:\/\/soko-livekrimi.de\/wp-content\/uploads\/2023\/08\/20230825_144803-768x1024.jpg 768w, https:\/\/soko-livekrimi.de\/wp-content\/uploads\/2023\/08\/20230825_144803-1152x1536.jpg 1152w, https:\/\/soko-livekrimi.de\/wp-content\/uploads\/2023\/08\/20230825_144803-1536x2048.jpg 1536w, https:\/\/soko-livekrimi.de\/wp-content\/uploads\/2023\/08\/20230825_144803-1140x1520.jpg 1140w, https:\/\/soko-livekrimi.de\/wp-content\/uploads\/2023\/08\/20230825_144803-scaled.jpg 1920w\" sizes=\"(max-width: 225px) 100vw, 225px\" \/>\t\t\t\t\t\t\t\t\t\t\t\t\t\t\t<\/div>\n\t\t\t\t<\/div>\n\t\t\t\t\t<\/div>\n\t\t<\/div>\n\t\t\t\t<div class=\"elementor-column elementor-col-33 elementor-top-column elementor-element elementor-element-10f356a\" data-id=\"10f356a\" data-element_type=\"column\" data-e-type=\"column\">\n\t\t\t<div class=\"elementor-widget-wrap elementor-element-populated\">\n\t\t\t\t\t\t<div class=\"elementor-element elementor-element-7cca6fd elementor-widget elementor-widget-image\" data-id=\"7cca6fd\" data-element_type=\"widget\" data-e-type=\"widget\" data-widget_type=\"image.default\">\n\t\t\t\t<div class=\"elementor-widget-container\">\n\t\t\t\t\t\t\t\t\t\t\t\t\t\t\t<img loading=\"lazy\" decoding=\"async\" width=\"225\" height=\"300\" src=\"https:\/\/soko-livekrimi.de\/wp-content\/uploads\/2025\/05\/20250526_193957-225x300.jpg\" class=\"attachment-medium size-medium wp-image-3500\" alt=\"\" srcset=\"https:\/\/soko-livekrimi.de\/wp-content\/uploads\/2025\/05\/20250526_193957-225x300.jpg 225w, https:\/\/soko-livekrimi.de\/wp-content\/uploads\/2025\/05\/20250526_193957-768x1024.jpg 768w, https:\/\/soko-livekrimi.de\/wp-content\/uploads\/2025\/05\/20250526_193957-1152x1536.jpg 1152w, https:\/\/soko-livekrimi.de\/wp-content\/uploads\/2025\/05\/20250526_193957-1536x2048.jpg 1536w, https:\/\/soko-livekrimi.de\/wp-content\/uploads\/2025\/05\/20250526_193957-1140x1520.jpg 1140w, https:\/\/soko-livekrimi.de\/wp-content\/uploads\/2025\/05\/20250526_193957-scaled.jpg 1920w\" sizes=\"(max-width: 225px) 100vw, 225px\" \/>\t\t\t\t\t\t\t\t\t\t\t\t\t\t\t<\/div>\n\t\t\t\t<\/div>\n\t\t\t\t\t<\/div>\n\t\t<\/div>\n\t\t\t\t\t<\/div>\n\t\t<\/section>\n\t\t\t\t<section class=\"elementor-section elementor-top-section elementor-element elementor-element-1a67d04 elementor-section-boxed elementor-section-height-default elementor-section-height-default\" data-id=\"1a67d04\" data-element_type=\"section\" data-e-type=\"section\">\n\t\t\t\t\t\t<div class=\"elementor-container elementor-column-gap-default\">\n\t\t\t\t\t<div class=\"elementor-column elementor-col-100 elementor-top-column elementor-element elementor-element-87600a5\" data-id=\"87600a5\" data-element_type=\"column\" data-e-type=\"column\">\n\t\t\t<div class=\"elementor-widget-wrap\">\n\t\t\t\t\t\t\t<\/div>\n\t\t<\/div>\n\t\t\t\t\t<\/div>\n\t\t<\/section>\n\t\t\t\t<\/div>\n\t\t","protected":false},"excerpt":{"rendered":"<p>https:\/\/youtu.be\/rWsxz2lg5qQ Hauptkommissar Herrmanns blickt stolz auf seine Karriere im Noellenberger Revier zur\u00fcck. Unter seiner Leitung blieb bislang kein Kapitalverbrechen ungekl\u00e4rt. Doch nun &#8211; einen Monat vor seiner Pensionierung &#8211; wird Lord Thomas Lexington Senior, der prominenteste B\u00fcrger der Stadt, leblos in seinem Studierzimmer\u00a0 aufgefunden. Diagnose: Mord! Dank seiner zwielichtigen Immobiliengesch\u00e4fte hatte Lexington zahlreiche Feinde und sein Anwesen mit einem un\u00fcberwindbaren Sicherheitssystem ausgestattet.\u00a0Somit ist gewiss: Die Tat muss jemand aus seinem n\u00e4chsten Umfeld getan haben. Doch jeder scheint zwar ein Motiv, aber auch ein wasserdichtes Alibi zu haben.\u00a0Helfen Sie den Kommissaren und l\u00f6sen Sie den Fall! Spieldauer: 2 bis 2,5 Stunden Level: Fortgeschritten\u00a0 Teamst\u00e4rke: 4 bis 6 Personen pro Team Teamanzahl: max. 10 Teams k\u00f6nnen parallel den Fall l\u00f6sen Voraussetzungen: Ein Internetf\u00e4higes Smartphone pro Team Altersempfehlung: ab 16 Jahren (Themen: Mord, Drogenhandel &amp; -konsum, Drohungen, implizierte Sexarbeit)<\/p>\n","protected":false},"author":1,"featured_media":0,"parent":0,"menu_order":0,"comment_status":"closed","ping_status":"closed","template":"","meta":{"footnotes":""},"class_list":["post-2661","page","type-page","status-publish","hentry"],"_links":{"self":[{"href":"https:\/\/soko-livekrimi.de\/index.php\/wp-json\/wp\/v2\/pages\/2661","targetHints":{"allow":["GET"]}}],"collection":[{"href":"https:\/\/soko-livekrimi.de\/index.php\/wp-json\/wp\/v2\/pages"}],"about":[{"href":"https:\/\/soko-livekrimi.de\/index.php\/wp-json\/wp\/v2\/types\/page"}],"author":[{"embeddable":true,"href":"https:\/\/soko-livekrimi.de\/index.php\/wp-json\/wp\/v2\/users\/1"}],"replies":[{"embeddable":true,"href":"https:\/\/soko-livekrimi.de\/index.php\/wp-json\/wp\/v2\/comments?post=2661"}],"version-history":[{"count":86,"href":"https:\/\/soko-livekrimi.de\/index.php\/wp-json\/wp\/v2\/pages\/2661\/revisions"}],"predecessor-version":[{"id":3564,"href":"https:\/\/soko-livekrimi.de\/index.php\/wp-json\/wp\/v2\/pages\/2661\/revisions\/3564"}],"wp:attachment":[{"href":"https:\/\/soko-livekrimi.de\/index.php\/wp-json\/wp\/v2\/media?parent=2661"}],"curies":[{"name":"wp","href":"https:\/\/api.w.org\/{rel}","templated":true}]}}